{"id":42,"date":"2021-04-12T13:03:21","date_gmt":"2021-04-12T11:03:21","guid":{"rendered":"https:\/\/milniky.flaw.uniba.sk\/?page_id=42"},"modified":"2025-04-28T15:19:21","modified_gmt":"2025-04-28T13:19:21","slug":"dolezite-terminy","status":"publish","type":"page","link":"https:\/\/milniky2025.flaw.uniba.sk\/en\/dolezite-terminy\/","title":{"rendered":"Important dates"},"content":{"rendered":"<p>Registration:<strong> until 9. 3. 2025<\/strong><\/p>\n\n\n\n<p>Submission upload:<strong> until 4. 5. 2025<\/strong><\/p>\n\n\n\n<p><\/p>","protected":false},"excerpt":{"rendered":"<p>Registr\u00e1cia: do 9. 3. 2025 Nahratie pr\u00edspevku do syst\u00e9mu: do 4. 5. 2025<\/p>","protected":false},"author":2,"featured_media":0,"parent":0,"menu_order":0,"comment_status":"closed","ping_status":"closed","template":"","meta":{"footnotes":""},"class_list":["post-42","page","type-page","status-publish","hentry"],"yoast_head":"<!-- This site is optimized with the Yoast SEO plugin v27.2 - https:\/\/yoast.com\/product\/yoast-seo-wordpress\/ -->\n<title>D\u00f4le\u017eit\u00e9 term\u00edny - Milniky<\/title>\n<meta name=\"robots\" content=\"index, follow, max-snippet:-1, max-image-preview:large, max-video-preview:-1\" \/>\n<link rel=\"canonical\" href=\"https:\/\/milniky2025.flaw.uniba.sk\/en\/dolezite-terminy\/\" \/>\n<meta property=\"og:locale\" content=\"en_US\" \/>\n<meta property=\"og:type\" content=\"article\" \/>\n<meta property=\"og:title\" content=\"D\u00f4le\u017eit\u00e9 term\u00edny - Milniky\" \/>\n<meta property=\"og:description\" content=\"Registr\u00e1cia: do 9. 3. 2025 Nahratie pr\u00edspevku do syst\u00e9mu: do 4. 5. 2025\" \/>\n<meta property=\"og:url\" content=\"https:\/\/milniky2025.flaw.uniba.sk\/en\/dolezite-terminy\/\" \/>\n<meta property=\"og:site_name\" content=\"Milniky\" \/>\n<meta property=\"article:modified_time\" content=\"2025-04-28T13:19:21+00:00\" \/>\n<meta name=\"twitter:card\" content=\"summary_large_image\" \/>\n<meta name=\"twitter:label1\" content=\"Est. reading time\" \/>\n\t<meta name=\"twitter:data1\" content=\"1 minute\" \/>\n<script type=\"application\/ld+json\" class=\"yoast-schema-graph\">{\"@context\":\"https:\/\/schema.org\",\"@graph\":[{\"@type\":\"WebPage\",\"@id\":\"https:\/\/milniky2025.flaw.uniba.sk\/dolezite-terminy\/\",\"url\":\"https:\/\/milniky2025.flaw.uniba.sk\/dolezite-terminy\/\",\"name\":\"D\u00f4le\u017eit\u00e9 term\u00edny - Milniky\",\"isPartOf\":{\"@id\":\"https:\/\/milniky2025.flaw.uniba.sk\/#website\"},\"datePublished\":\"2021-04-12T11:03:21+00:00\",\"dateModified\":\"2025-04-28T13:19:21+00:00\",\"breadcrumb\":{\"@id\":\"https:\/\/milniky2025.flaw.uniba.sk\/dolezite-terminy\/#breadcrumb\"},\"inLanguage\":\"en-US\",\"potentialAction\":[{\"@type\":\"ReadAction\",\"target\":[\"https:\/\/milniky2025.flaw.uniba.sk\/dolezite-terminy\/\"]}]},{\"@type\":\"BreadcrumbList\",\"@id\":\"https:\/\/milniky2025.flaw.uniba.sk\/dolezite-terminy\/#breadcrumb\",\"itemListElement\":[{\"@type\":\"ListItem\",\"position\":1,\"name\":\"Home\",\"item\":\"https:\/\/milniky2025.flaw.uniba.sk\/\"},{\"@type\":\"ListItem\",\"position\":2,\"name\":\"D\u00f4le\u017eit\u00e9 term\u00edny\"}]},{\"@type\":\"WebSite\",\"@id\":\"https:\/\/milniky2025.flaw.uniba.sk\/#website\",\"url\":\"https:\/\/milniky2025.flaw.uniba.sk\/\",\"name\":\"Milniky\",\"description\":\"\",\"publisher\":{\"@id\":\"https:\/\/milniky2025.flaw.uniba.sk\/#organization\"},\"potentialAction\":[{\"@type\":\"SearchAction\",\"target\":{\"@type\":\"EntryPoint\",\"urlTemplate\":\"https:\/\/milniky2025.flaw.uniba.sk\/?s={search_term_string}\"},\"query-input\":{\"@type\":\"PropertyValueSpecification\",\"valueRequired\":true,\"valueName\":\"search_term_string\"}}],\"inLanguage\":\"en-US\"},{\"@type\":\"Organization\",\"@id\":\"https:\/\/milniky2025.flaw.uniba.sk\/#organization\",\"name\":\"Milniky\",\"url\":\"https:\/\/milniky2025.flaw.uniba.sk\/\",\"logo\":{\"@type\":\"ImageObject\",\"inLanguage\":\"en-US\",\"@id\":\"https:\/\/milniky2025.flaw.uniba.sk\/#\/schema\/logo\/image\/\",\"url\":\"https:\/\/milniky2025.flaw.uniba.sk\/wp-content\/uploads\/2024\/09\/SK-milniky-logo-sk-BIELE.png\",\"contentUrl\":\"https:\/\/milniky2025.flaw.uniba.sk\/wp-content\/uploads\/2024\/09\/SK-milniky-logo-sk-BIELE.png\",\"width\":3219,\"height\":845,\"caption\":\"Milniky\"},\"image\":{\"@id\":\"https:\/\/milniky2025.flaw.uniba.sk\/#\/schema\/logo\/image\/\"}}]}<\/script>\n<!-- \/ Yoast SEO plugin. -->","yoast_head_json":{"title":"D\u00f4le\u017eit\u00e9 term\u00edny - Milniky","robots":{"index":"index","follow":"follow","max-snippet":"max-snippet:-1","max-image-preview":"max-image-preview:large","max-video-preview":"max-video-preview:-1"},"canonical":"https:\/\/milniky2025.flaw.uniba.sk\/en\/dolezite-terminy\/","og_locale":"en_US","og_type":"article","og_title":"D\u00f4le\u017eit\u00e9 term\u00edny - Milniky","og_description":"Registr\u00e1cia: do 9. 3. 2025 Nahratie pr\u00edspevku do syst\u00e9mu: do 4. 5. 2025","og_url":"https:\/\/milniky2025.flaw.uniba.sk\/en\/dolezite-terminy\/","og_site_name":"Milniky","article_modified_time":"2025-04-28T13:19:21+00:00","twitter_card":"summary_large_image","twitter_misc":{"Est. reading time":"1 minute"},"schema":{"@context":"https:\/\/schema.org","@graph":[{"@type":"WebPage","@id":"https:\/\/milniky2025.flaw.uniba.sk\/dolezite-terminy\/","url":"https:\/\/milniky2025.flaw.uniba.sk\/dolezite-terminy\/","name":"D\u00f4le\u017eit\u00e9 term\u00edny - Milniky","isPartOf":{"@id":"https:\/\/milniky2025.flaw.uniba.sk\/#website"},"datePublished":"2021-04-12T11:03:21+00:00","dateModified":"2025-04-28T13:19:21+00:00","breadcrumb":{"@id":"https:\/\/milniky2025.flaw.uniba.sk\/dolezite-terminy\/#breadcrumb"},"inLanguage":"en-US","potentialAction":[{"@type":"ReadAction","target":["https:\/\/milniky2025.flaw.uniba.sk\/dolezite-terminy\/"]}]},{"@type":"BreadcrumbList","@id":"https:\/\/milniky2025.flaw.uniba.sk\/dolezite-terminy\/#breadcrumb","itemListElement":[{"@type":"ListItem","position":1,"name":"Home","item":"https:\/\/milniky2025.flaw.uniba.sk\/"},{"@type":"ListItem","position":2,"name":"D\u00f4le\u017eit\u00e9 term\u00edny"}]},{"@type":"WebSite","@id":"https:\/\/milniky2025.flaw.uniba.sk\/#website","url":"https:\/\/milniky2025.flaw.uniba.sk\/","name":"Milestones","description":"","publisher":{"@id":"https:\/\/milniky2025.flaw.uniba.sk\/#organization"},"potentialAction":[{"@type":"SearchAction","target":{"@type":"EntryPoint","urlTemplate":"https:\/\/milniky2025.flaw.uniba.sk\/?s={search_term_string}"},"query-input":{"@type":"PropertyValueSpecification","valueRequired":true,"valueName":"search_term_string"}}],"inLanguage":"en-US"},{"@type":"Organization","@id":"https:\/\/milniky2025.flaw.uniba.sk\/#organization","name":"Milestones","url":"https:\/\/milniky2025.flaw.uniba.sk\/","logo":{"@type":"ImageObject","inLanguage":"en-US","@id":"https:\/\/milniky2025.flaw.uniba.sk\/#\/schema\/logo\/image\/","url":"https:\/\/milniky2025.flaw.uniba.sk\/wp-content\/uploads\/2024\/09\/SK-milniky-logo-sk-BIELE.png","contentUrl":"https:\/\/milniky2025.flaw.uniba.sk\/wp-content\/uploads\/2024\/09\/SK-milniky-logo-sk-BIELE.png","width":3219,"height":845,"caption":"Milniky"},"image":{"@id":"https:\/\/milniky2025.flaw.uniba.sk\/#\/schema\/logo\/image\/"}}]}},"_links":{"self":[{"href":"https:\/\/milniky2025.flaw.uniba.sk\/en\/wp-json\/wp\/v2\/pages\/42","targetHints":{"allow":["GET"]}}],"collection":[{"href":"https:\/\/milniky2025.flaw.uniba.sk\/en\/wp-json\/wp\/v2\/pages"}],"about":[{"href":"https:\/\/milniky2025.flaw.uniba.sk\/en\/wp-json\/wp\/v2\/types\/page"}],"author":[{"embeddable":true,"href":"https:\/\/milniky2025.flaw.uniba.sk\/en\/wp-json\/wp\/v2\/users\/2"}],"replies":[{"embeddable":true,"href":"https:\/\/milniky2025.flaw.uniba.sk\/en\/wp-json\/wp\/v2\/comments?post=42"}],"version-history":[{"count":18,"href":"https:\/\/milniky2025.flaw.uniba.sk\/en\/wp-json\/wp\/v2\/pages\/42\/revisions"}],"predecessor-version":[{"id":1603,"href":"https:\/\/milniky2025.flaw.uniba.sk\/en\/wp-json\/wp\/v2\/pages\/42\/revisions\/1603"}],"wp:attachment":[{"href":"https:\/\/milniky2025.flaw.uniba.sk\/en\/wp-json\/wp\/v2\/media?parent=42"}],"curies":[{"name":"wp","href":"https:\/\/api.w.org\/{rel}","templated":true}]}}