{"id":40,"date":"2021-04-12T13:03:06","date_gmt":"2021-04-12T11:03:06","guid":{"rendered":"https:\/\/milniky.flaw.uniba.sk\/?page_id=40"},"modified":"2025-04-28T15:12:36","modified_gmt":"2025-04-28T13:12:36","slug":"pokyny-k-prispevku","status":"publish","type":"page","link":"https:\/\/milniky2025.flaw.uniba.sk\/en\/pokyny-k-prispevku\/","title":{"rendered":"Submission guidelines"},"content":{"rendered":"<p><strong>DEADLINE for uploading the complete paper to the registration<\/strong> <strong>system is <strong>until<\/strong><\/strong> <strong>4. 5. 2025<\/strong>.<\/p>\n\n\n\n<p>Formal version of submission in compliance with template provided down below. Submissions that do not meet compliance with the template will not be published in the reviewed collection of conference papers. <\/p>\n\n\n\n<p><\/p>\n\n\n\n<div class=\"wp-block-file\"><a id=\"wp-block-file--media-8c7fdb00-4408-4553-a9a7-d4781cdd37a7\" href=\"https:\/\/milniky.flaw.uniba.sk\/wp-content\/uploads\/2025\/04\/Template_EN_Milestones_2025.docx\">Template of paper<\/a><a href=\"https:\/\/milniky.flaw.uniba.sk\/wp-content\/uploads\/2025\/04\/Template_EN_Milestones_2025.docx\" class=\"wp-block-file__button wp-element-button\" download aria-describedby=\"wp-block-file--media-8c7fdb00-4408-4553-a9a7-d4781cdd37a7\">Download<\/a><\/div>\n\n\n\n<div class=\"wp-block-file\"><a id=\"wp-block-file--media-9d76e849-d7b4-4c74-b235-112dffebcfdc\" href=\"https:\/\/milniky.flaw.uniba.sk\/wp-content\/uploads\/2025\/04\/Instructions-for-submitting-paper_EN_Milestones_2025.docx\">Instructions for submitting paper<\/a><a href=\"https:\/\/milniky.flaw.uniba.sk\/wp-content\/uploads\/2025\/04\/Instructions-for-submitting-paper_EN_Milestones_2025.docx\" class=\"wp-block-file__button wp-element-button\" download aria-describedby=\"wp-block-file--media-9d76e849-d7b4-4c74-b235-112dffebcfdc\">Download<\/a><\/div>\n\n\n\n<p><\/p>\n\n\n\n<p><strong>COLLECTION OF PAPERS:<\/strong>:<\/p>\n\n\n\n<p>The publication output from the conference will be a peer-reviewed electronic collection of papers.<\/p>\n\n\n\n<p>The collection of papers and individual contributions will be published under the Creative Commons Public License BY-NC-ND, 4.0.<\/p>\n\n\n\n<p>By submitting a contribution, the author gives permission for his work to be distributed under this public license.<\/p>\n\n\n\n<p><strong>Only the contributions of participants who will actively attend and speak at the conference will be published.<\/strong><\/p>","protected":false},"excerpt":{"rendered":"<p>TERM\u00cdN na nahratie kompletn\u00e9ho pr\u00edspevku do registra\u010dn\u00e9ho syst\u00e9mu je do 4. 5. 2025. Form\u00e1lna \u00faprava pr\u00edspevku pod\u013ea \u0161abl\u00f3ny zverejnenej ni\u017e\u0161ie. Pr\u00edspevky, ktor\u00e9 nebud\u00fa sp\u013a\u0148a\u0165 po form\u00e1lnej str\u00e1nke n\u00e1le\u017eitosti pod\u013ea \u0161abl\u00f3ny, nebud\u00fa publikovan\u00e9 v zborn\u00edku konferencie. PUBLIKA\u010cN\u00dd V\u00ddSTUP: Publika\u010dn\u00fdm v\u00fdstupom z&nbsp;konferencie bude recenzovan\u00fd elektronick\u00fd zborn\u00edk. Zborn\u00edk a&nbsp;jednotliv\u00e9 pr\u00edspevky bud\u00fa zverejnen\u00e9 pod verejnou licenciou Creative Commons BY-NC-ND, [&hellip;]<\/p>\n","protected":false},"author":2,"featured_media":0,"parent":0,"menu_order":0,"comment_status":"closed","ping_status":"closed","template":"","meta":{"footnotes":""},"class_list":["post-40","page","type-page","status-publish","hentry"],"yoast_head":"<!-- This site is optimized with the Yoast SEO plugin v27.2 - https:\/\/yoast.com\/product\/yoast-seo-wordpress\/ -->\n<title>Pokyny k pr\u00edspevku - Milniky<\/title>\n<meta name=\"robots\" content=\"index, follow, max-snippet:-1, max-image-preview:large, max-video-preview:-1\" \/>\n<link rel=\"canonical\" href=\"https:\/\/milniky2025.flaw.uniba.sk\/en\/pokyny-k-prispevku\/\" \/>\n<meta property=\"og:locale\" content=\"en_US\" \/>\n<meta property=\"og:type\" content=\"article\" \/>\n<meta property=\"og:title\" content=\"Pokyny k pr\u00edspevku - Milniky\" \/>\n<meta property=\"og:description\" content=\"TERM\u00cdN na nahratie kompletn\u00e9ho pr\u00edspevku do registra\u010dn\u00e9ho syst\u00e9mu je do 4. 5. 2025. Form\u00e1lna \u00faprava pr\u00edspevku pod\u013ea \u0161abl\u00f3ny zverejnenej ni\u017e\u0161ie. Pr\u00edspevky, ktor\u00e9 nebud\u00fa sp\u013a\u0148a\u0165 po form\u00e1lnej str\u00e1nke n\u00e1le\u017eitosti pod\u013ea \u0161abl\u00f3ny, nebud\u00fa publikovan\u00e9 v zborn\u00edku konferencie. PUBLIKA\u010cN\u00dd V\u00ddSTUP: Publika\u010dn\u00fdm v\u00fdstupom z&nbsp;konferencie bude recenzovan\u00fd elektronick\u00fd zborn\u00edk. Zborn\u00edk a&nbsp;jednotliv\u00e9 pr\u00edspevky bud\u00fa zverejnen\u00e9 pod verejnou licenciou Creative Commons BY-NC-ND, [&hellip;]\" \/>\n<meta property=\"og:url\" content=\"https:\/\/milniky2025.flaw.uniba.sk\/en\/pokyny-k-prispevku\/\" \/>\n<meta property=\"og:site_name\" content=\"Milniky\" \/>\n<meta property=\"article:modified_time\" content=\"2025-04-28T13:12:36+00:00\" \/>\n<meta name=\"twitter:card\" content=\"summary_large_image\" \/>\n<meta name=\"twitter:label1\" content=\"Est. reading time\" \/>\n\t<meta name=\"twitter:data1\" content=\"1 minute\" \/>\n<script type=\"application\/ld+json\" class=\"yoast-schema-graph\">{\"@context\":\"https:\/\/schema.org\",\"@graph\":[{\"@type\":\"WebPage\",\"@id\":\"https:\/\/milniky2025.flaw.uniba.sk\/pokyny-k-prispevku\/\",\"url\":\"https:\/\/milniky2025.flaw.uniba.sk\/pokyny-k-prispevku\/\",\"name\":\"Pokyny k pr\u00edspevku - Milniky\",\"isPartOf\":{\"@id\":\"https:\/\/milniky2025.flaw.uniba.sk\/#website\"},\"datePublished\":\"2021-04-12T11:03:06+00:00\",\"dateModified\":\"2025-04-28T13:12:36+00:00\",\"breadcrumb\":{\"@id\":\"https:\/\/milniky2025.flaw.uniba.sk\/pokyny-k-prispevku\/#breadcrumb\"},\"inLanguage\":\"en-US\",\"potentialAction\":[{\"@type\":\"ReadAction\",\"target\":[\"https:\/\/milniky2025.flaw.uniba.sk\/pokyny-k-prispevku\/\"]}]},{\"@type\":\"BreadcrumbList\",\"@id\":\"https:\/\/milniky2025.flaw.uniba.sk\/pokyny-k-prispevku\/#breadcrumb\",\"itemListElement\":[{\"@type\":\"ListItem\",\"position\":1,\"name\":\"Home\",\"item\":\"https:\/\/milniky2025.flaw.uniba.sk\/\"},{\"@type\":\"ListItem\",\"position\":2,\"name\":\"Pokyny k pr\u00edspevku\"}]},{\"@type\":\"WebSite\",\"@id\":\"https:\/\/milniky2025.flaw.uniba.sk\/#website\",\"url\":\"https:\/\/milniky2025.flaw.uniba.sk\/\",\"name\":\"Milniky\",\"description\":\"\",\"publisher\":{\"@id\":\"https:\/\/milniky2025.flaw.uniba.sk\/#organization\"},\"potentialAction\":[{\"@type\":\"SearchAction\",\"target\":{\"@type\":\"EntryPoint\",\"urlTemplate\":\"https:\/\/milniky2025.flaw.uniba.sk\/?s={search_term_string}\"},\"query-input\":{\"@type\":\"PropertyValueSpecification\",\"valueRequired\":true,\"valueName\":\"search_term_string\"}}],\"inLanguage\":\"en-US\"},{\"@type\":\"Organization\",\"@id\":\"https:\/\/milniky2025.flaw.uniba.sk\/#organization\",\"name\":\"Milniky\",\"url\":\"https:\/\/milniky2025.flaw.uniba.sk\/\",\"logo\":{\"@type\":\"ImageObject\",\"inLanguage\":\"en-US\",\"@id\":\"https:\/\/milniky2025.flaw.uniba.sk\/#\/schema\/logo\/image\/\",\"url\":\"https:\/\/milniky2025.flaw.uniba.sk\/wp-content\/uploads\/2024\/09\/SK-milniky-logo-sk-BIELE.png\",\"contentUrl\":\"https:\/\/milniky2025.flaw.uniba.sk\/wp-content\/uploads\/2024\/09\/SK-milniky-logo-sk-BIELE.png\",\"width\":3219,\"height\":845,\"caption\":\"Milniky\"},\"image\":{\"@id\":\"https:\/\/milniky2025.flaw.uniba.sk\/#\/schema\/logo\/image\/\"}}]}<\/script>\n<!-- \/ Yoast SEO plugin. -->","yoast_head_json":{"title":"Pokyny k pr\u00edspevku - Milniky","robots":{"index":"index","follow":"follow","max-snippet":"max-snippet:-1","max-image-preview":"max-image-preview:large","max-video-preview":"max-video-preview:-1"},"canonical":"https:\/\/milniky2025.flaw.uniba.sk\/en\/pokyny-k-prispevku\/","og_locale":"en_US","og_type":"article","og_title":"Pokyny k pr\u00edspevku - Milniky","og_description":"TERM\u00cdN na nahratie kompletn\u00e9ho pr\u00edspevku do registra\u010dn\u00e9ho syst\u00e9mu je do 4. 5. 2025. Form\u00e1lna \u00faprava pr\u00edspevku pod\u013ea \u0161abl\u00f3ny zverejnenej ni\u017e\u0161ie. Pr\u00edspevky, ktor\u00e9 nebud\u00fa sp\u013a\u0148a\u0165 po form\u00e1lnej str\u00e1nke n\u00e1le\u017eitosti pod\u013ea \u0161abl\u00f3ny, nebud\u00fa publikovan\u00e9 v zborn\u00edku konferencie. PUBLIKA\u010cN\u00dd V\u00ddSTUP: Publika\u010dn\u00fdm v\u00fdstupom z&nbsp;konferencie bude recenzovan\u00fd elektronick\u00fd zborn\u00edk. Zborn\u00edk a&nbsp;jednotliv\u00e9 pr\u00edspevky bud\u00fa zverejnen\u00e9 pod verejnou licenciou Creative Commons BY-NC-ND, [&hellip;]","og_url":"https:\/\/milniky2025.flaw.uniba.sk\/en\/pokyny-k-prispevku\/","og_site_name":"Milniky","article_modified_time":"2025-04-28T13:12:36+00:00","twitter_card":"summary_large_image","twitter_misc":{"Est. reading time":"1 minute"},"schema":{"@context":"https:\/\/schema.org","@graph":[{"@type":"WebPage","@id":"https:\/\/milniky2025.flaw.uniba.sk\/pokyny-k-prispevku\/","url":"https:\/\/milniky2025.flaw.uniba.sk\/pokyny-k-prispevku\/","name":"Pokyny k pr\u00edspevku - Milniky","isPartOf":{"@id":"https:\/\/milniky2025.flaw.uniba.sk\/#website"},"datePublished":"2021-04-12T11:03:06+00:00","dateModified":"2025-04-28T13:12:36+00:00","breadcrumb":{"@id":"https:\/\/milniky2025.flaw.uniba.sk\/pokyny-k-prispevku\/#breadcrumb"},"inLanguage":"en-US","potentialAction":[{"@type":"ReadAction","target":["https:\/\/milniky2025.flaw.uniba.sk\/pokyny-k-prispevku\/"]}]},{"@type":"BreadcrumbList","@id":"https:\/\/milniky2025.flaw.uniba.sk\/pokyny-k-prispevku\/#breadcrumb","itemListElement":[{"@type":"ListItem","position":1,"name":"Home","item":"https:\/\/milniky2025.flaw.uniba.sk\/"},{"@type":"ListItem","position":2,"name":"Pokyny k pr\u00edspevku"}]},{"@type":"WebSite","@id":"https:\/\/milniky2025.flaw.uniba.sk\/#website","url":"https:\/\/milniky2025.flaw.uniba.sk\/","name":"Milestones","description":"","publisher":{"@id":"https:\/\/milniky2025.flaw.uniba.sk\/#organization"},"potentialAction":[{"@type":"SearchAction","target":{"@type":"EntryPoint","urlTemplate":"https:\/\/milniky2025.flaw.uniba.sk\/?s={search_term_string}"},"query-input":{"@type":"PropertyValueSpecification","valueRequired":true,"valueName":"search_term_string"}}],"inLanguage":"en-US"},{"@type":"Organization","@id":"https:\/\/milniky2025.flaw.uniba.sk\/#organization","name":"Milestones","url":"https:\/\/milniky2025.flaw.uniba.sk\/","logo":{"@type":"ImageObject","inLanguage":"en-US","@id":"https:\/\/milniky2025.flaw.uniba.sk\/#\/schema\/logo\/image\/","url":"https:\/\/milniky2025.flaw.uniba.sk\/wp-content\/uploads\/2024\/09\/SK-milniky-logo-sk-BIELE.png","contentUrl":"https:\/\/milniky2025.flaw.uniba.sk\/wp-content\/uploads\/2024\/09\/SK-milniky-logo-sk-BIELE.png","width":3219,"height":845,"caption":"Milniky"},"image":{"@id":"https:\/\/milniky2025.flaw.uniba.sk\/#\/schema\/logo\/image\/"}}]}},"_links":{"self":[{"href":"https:\/\/milniky2025.flaw.uniba.sk\/en\/wp-json\/wp\/v2\/pages\/40","targetHints":{"allow":["GET"]}}],"collection":[{"href":"https:\/\/milniky2025.flaw.uniba.sk\/en\/wp-json\/wp\/v2\/pages"}],"about":[{"href":"https:\/\/milniky2025.flaw.uniba.sk\/en\/wp-json\/wp\/v2\/types\/page"}],"author":[{"embeddable":true,"href":"https:\/\/milniky2025.flaw.uniba.sk\/en\/wp-json\/wp\/v2\/users\/2"}],"replies":[{"embeddable":true,"href":"https:\/\/milniky2025.flaw.uniba.sk\/en\/wp-json\/wp\/v2\/comments?post=40"}],"version-history":[{"count":28,"href":"https:\/\/milniky2025.flaw.uniba.sk\/en\/wp-json\/wp\/v2\/pages\/40\/revisions"}],"predecessor-version":[{"id":1602,"href":"https:\/\/milniky2025.flaw.uniba.sk\/en\/wp-json\/wp\/v2\/pages\/40\/revisions\/1602"}],"wp:attachment":[{"href":"https:\/\/milniky2025.flaw.uniba.sk\/en\/wp-json\/wp\/v2\/media?parent=40"}],"curies":[{"name":"wp","href":"https:\/\/api.w.org\/{rel}","templated":true}]}}