{"id":36,"date":"2021-04-12T13:02:29","date_gmt":"2021-04-12T11:02:29","guid":{"rendered":"https:\/\/milniky.flaw.uniba.sk\/?page_id=36"},"modified":"2025-04-11T09:49:54","modified_gmt":"2025-04-11T07:49:54","slug":"program","status":"publish","type":"page","link":"https:\/\/milniky2025.flaw.uniba.sk\/en\/program\/","title":{"rendered":"Programme"},"content":{"rendered":"<div data-wp-interactive=\"core\/file\" class=\"wp-block-file\"><object data-wp-bind--hidden=\"!state.hasPdfPreview\" hidden class=\"wp-block-file__embed\" data=\"https:\/\/milniky.flaw.uniba.sk\/wp-content\/uploads\/2025\/04\/Milniky-2025_PROGRAM-compressed.pdf\" type=\"application\/pdf\" style=\"width:100%;height:600px\" aria-label=\"Embed of M\u00ed\u013eniky 2025_PROGRAM.\"><\/object><a id=\"wp-block-file--media-aa242d43-1fcb-4e90-b75d-49edde5559a3\" href=\"https:\/\/milniky.flaw.uniba.sk\/wp-content\/uploads\/2025\/04\/Milniky-2025_PROGRAM-compressed.pdf\">Milestones 2025_PROGRAM<\/a><a href=\"https:\/\/milniky.flaw.uniba.sk\/wp-content\/uploads\/2025\/04\/Milniky-2025_PROGRAM-compressed.pdf\" class=\"wp-block-file__button wp-element-button\" download aria-describedby=\"wp-block-file--media-aa242d43-1fcb-4e90-b75d-49edde5559a3\">Download<\/a><\/div>\n\n\n\n<p class=\"has-text-align-center\"><strong>Framework program of the conference<\/strong><\/p>\n\n\n\n<p class=\"has-text-align-center\"><strong>10 April 2025 (THURSDAY)<\/strong><strong><\/strong><\/p>\n\n\n\n<p><strong>from 08.00<\/strong> \u2013 Registration of participants<\/p>\n\n\n\n<p class=\"has-text-align-center\">Parallel negotiations in sections<\/p>\n\n\n\n<ul class=\"wp-block-list\">\n<li><strong>9.00 \u2013  15.30 \u2013 Constitutional Law, International Law and International Relations, Theory of Law and Philosophy of Law Section<\/strong><\/li>\n\n\n\n<li><strong>9.00 \u2013  13.45 \u2013 Administrative Law Section<\/strong><\/li>\n\n\n\n<li><strong>9.00 \u2013 20.00 \u2013<\/strong> <strong>Criminal Law, Criminology and Criminalistics Section<\/strong><\/li>\n<\/ul>\n\n\n\n<p><strong>12.00 \u2013 13.00<\/strong> \u2013 Lunch<\/p>\n\n\n\n<p class=\"has-text-align-center\">Continuation of parallel negotiations in sections<\/p>\n\n\n\n<ul class=\"wp-block-list\">\n<li><strong>14.00 \u2013 16.00<\/strong> \u2013 <strong>Information Technology Law and Intellectual Property Law Section<\/strong><\/li>\n\n\n\n<li><strong>16.00 \u2013 18.00 <\/strong>\u2013 <strong>Environmental Law and Climate Law Section<\/strong><\/li>\n\n\n\n<li><strong>13.00 \u2013 18.00 <\/strong>\u2013 <strong>Civil Law Section<\/strong><\/li>\n<\/ul>\n\n\n\n<p><strong>from 14.00<\/strong> \u2013 Check-in of participants<\/p>\n\n\n\n<p><strong>14.00 \u2013 18.00<\/strong> \u2013 Possibility of using wellness and sports facilities<\/p>\n\n\n\n<p><strong>18.00 \u2013 19.00<\/strong> \u2013 Dinner<\/p>\n\n\n\n<p><strong>19.00 \u2013 21.00<\/strong> \u2013 Possibility of using wellness and sports facilities<\/p>\n\n\n\n<p class=\"has-text-align-center\"><strong>11 April 2025 (FRIDAY)<\/strong><strong><\/strong><\/p>\n\n\n\n<p><strong>from 08.00<\/strong> \u2013 Breakfast and registration of participants<\/p>\n\n\n\n<p class=\"has-text-align-center\">Parallel negotiations in sections<\/p>\n\n\n\n<p>\u2022&nbsp; <strong> 9.00 \u2013 12.15 \u2013 Commercial Law and Economic Law Section<\/strong><\/p>\n\n\n\n<p><strong>\u2022\u00a0\u00a09.00 \u2013 12.15 \u2013 Financial Law Section<\/strong><\/p>\n\n\n\n<p><strong>\u2022\u00a0\u00a09.00 \u2013 12.00 \u2013 Labour Law and Social Security Law Section<\/strong><\/p>\n\n\n\n<p><strong>\u2022\u00a0\u00a09.00 \u2013 12.00 \u2013 Legal Communication in Foreign Languages Section<\/strong><\/p>\n\n\n\n<p><strong>12.00 \u2013 13.00<\/strong> \u2013 Lunch<\/p>\n\n\n\n<p class=\"has-text-align-center\">Continuation of parallel negotiations in sections<\/p>\n\n\n\n<ul class=\"wp-block-list\">\n<li><strong>13.00 \u2013 16.30 \u2013 Legal History, Comparative Law\nand Roman Law, Ecclesiastical Law and Canon Law Section.<\/strong><\/li>\n\n\n\n<li><strong>13.00 \u2013 15.00 \u2013 European Law Section<\/strong><\/li>\n<\/ul>\n\n\n\n<p><strong>13.00 \u2013 15.00<\/strong><\/p>\n\n\n\n<p><strong>1. WORKSHOP<\/strong><\/p>\n\n\n\n<p>N\u00e1zov:&nbsp;<strong>,,V ter\u00e9ne so Slovenskou in\u0161pekciou \u017eivotn\u00e9ho prostredia<\/strong><strong>\"<\/strong><strong><\/strong><\/p>\n\n\n\n<p>D\u00e1tum\/Date:&nbsp;<strong>11.04.2025 (piatok\/Friday)<\/strong><\/p>\n\n\n\n<p>\u010cas trvania sekcie\/Duration of the section:&nbsp;<strong>13.00 \u2013 14.00&nbsp;<\/strong><strong>&nbsp;&nbsp;<\/strong><\/p>\n\n\n\n<p>Miestnos\u0165\/Room:&nbsp;<strong>Meeting room 1&nbsp;&nbsp;<\/strong><\/p>\n\n\n\n<p>Rokovac\u00ed jazyk\/Language:<strong>&nbsp;SK<\/strong><\/p>\n\n\n\n<p><strong>2. WORKSHOP<\/strong><\/p>\n\n\n\n<p>N\u00e1zov:&nbsp;<strong>,,Legal Design: Tools for the Modern Lawyer<\/strong><strong>\"<\/strong><strong><\/strong><\/p>\n\n\n\n<p>D\u00e1tum\/Date:&nbsp;<strong>11.04.2025 (piatok\/Friday)<\/strong><\/p>\n\n\n\n<p>\u010cas trvania sekcie\/Duration of the section:&nbsp;<strong>13.00 \u2013 14.00&nbsp;<\/strong><strong>&nbsp;&nbsp;<\/strong><\/p>\n\n\n\n<p>Miestnos\u0165\/Room:&nbsp;<strong>Meeting room 2<\/strong><\/p>\n\n\n\n<p>Rokovac\u00ed jazyk\/Language:<strong>&nbsp;ENG<\/strong><\/p>\n\n\n\n<p><strong>3. WORKSHOP<\/strong><\/p>\n\n\n\n<p>N\u00e1zov:&nbsp;<strong>,,<\/strong><strong>Elektronick\u00fd monitoring obvinen\u00fdch a ods\u00faden\u00fdch<\/strong><strong>\"<\/strong><em><\/em><\/p>\n\n\n\n<p>D\u00e1tum\/Date:&nbsp;<strong>11.04.2025 (piatok\/Friday)<\/strong><\/p>\n\n\n\n<p>\u010cas trvania sekcie\/Duration of the section:&nbsp;<strong>14.00 \u2013 15.00&nbsp;<\/strong><strong>&nbsp;&nbsp;<\/strong><\/p>\n\n\n\n<p>Miestnos\u0165\/Room:&nbsp;<strong>Meeting room 1<\/strong><\/p>\n\n\n\n<p>Rokovac\u00ed jazyk\/Language:<strong>&nbsp;SK<\/strong><\/p>\n\n\n\n<p><strong>4. WORKSHOP<\/strong><\/p>\n\n\n\n<p>N\u00e1zov:&nbsp;<strong>&#8222;Internships in the European Union Institutions&#8220;<\/strong><strong><\/strong><\/p>\n\n\n\n<p>D\u00e1tum\/Date:&nbsp;<strong>11.04.2025 (piatok\/Friday)<\/strong><\/p>\n\n\n\n<p>\u010cas trvania sekcie\/Duration of the section:&nbsp;<strong>14.00 \u2013 15.00&nbsp;<\/strong><strong>&nbsp;&nbsp;<\/strong><\/p>\n\n\n\n<p>Miestnos\u0165\/Room:&nbsp;<strong>Meeting room 2<\/strong><\/p>\n\n\n\n<p>Rokovac\u00ed jazyk\/Language:<strong>&nbsp;ENG<\/strong><\/p>\n\n\n\n<p><strong>15.00 \u2013 19.00<\/strong> \u2013 Possibility of using wellness and sports facilities<\/p>\n\n\n\n<p><strong>19.00 \u2013 20.00<\/strong> \u2013 Dinner<\/p>\n\n\n\n<p><strong>from 20.00<\/strong> \u2013 Social program \u2013 DJ Johnny de City<\/p>\n\n\n\n<p class=\"has-text-align-center\"><strong>12 April 2025 (SATURDAY)<\/strong><strong><\/strong><\/p>\n\n\n\n<p><strong>from 07.30<\/strong> \u2013 Breakfast<\/p>\n\n\n\n<p><strong>until 09.00<\/strong> \u2013 Check-out and departure of participants<strong>&nbsp;<\/strong><\/p>\n\n\n\n<p><\/p>\n\n\n\n<p class=\"has-text-align-center\"><strong>INFORMATION ABOUT ACCOMMODATION<\/strong><\/p>\n\n\n\n<p>Accommodation at the Special Purpose Facility of the National Council of the Slovak Republic \u010cast\u00e1-Papierni\u010dka is available <strong>on Thursday, April 10, 2025, from 2:00 p.m.<\/strong><\/p>\n\n\n\n<p>During Thursday morning, a lockable lounge will be available for you, where you can store your personal belongings before checking into your rooms.<\/p>\n\n\n\n<p>We would also like to point out that if you have registered for accommodation only <strong>from Thursday to Friday (from April 10 to 11, 2025), you must check out on Friday morning no later than 9:00 a.m.<\/strong><\/p>\n\n\n\n<p><strong>On Saturday, you must also leave the rooms by 9:00 a.m.<\/strong><strong> According to the instructions of the special purpose facility, it is not possible to extend this time (until 9:00 a.m.).<\/strong><\/p>\n\n\n\n<div class=\"wp-block-buttons is-content-justification-center is-layout-flex wp-container-core-buttons-is-layout-16018d1d wp-block-buttons-is-layout-flex\"><\/div>\n\n\n\n<h2 class=\"wp-block-heading has-text-align-center\">Transport to the conference<\/h2>\n\n\n\n<h5 class=\"wp-block-heading\"><strong>Transportation to the Purpose-built facility of the National Council of the Slovak Republic \u010cast\u00e1 \u2013 Papierni\u010dka is individual.<\/strong><\/h5>\n\n\n\n<p>The facility offers parking throughout the entire area.<\/p>\n\n\n\n<p><strong>Bus transport from Bratislava, Bus Station:<\/strong><\/p>\n\n\n\n<p><a href=\"https:\/\/cp.sk\/vlakbusmhd\/spojenie\/vysledky\/?date=10.04.2025&amp;time=06:00&amp;f=Bratislava,,AS&amp;fc=200003&amp;t=%C4%8Cast%C3%A1,,R%C3%A1zcestie%20P%C3%ADla&amp;tc=200003&amp;direct=true\">Timetable of the buses<\/a><\/p>\n\n\n\n<p><b>Bus Stop: \u010cast\u00e1 \u2013 R\u00e1zcestie P\u00edla<\/b>.<\/p>\n\n\n\n<p>The special purpose facility is 3 km from the busstop. If necessary, we have a car available to transport you from the busstop to the facility - you can order transportation by calling <strong>0905 297 027<\/strong>.<\/p>\n\n\n\n<p><\/p>","protected":false},"excerpt":{"rendered":"<p>R\u00e1mcov\u00fd program konferencie 10. 4. 2025 (\u0160TVRTOK) od 08.00 \u2013 Registr\u00e1cia \u00fa\u010dastn\u00edkov Paraleln\u00e9 rokovania v tematicky zameran\u00fdch sekci\u00e1ch 12.00 \u2013 13.00 \u2013 Obed Pokra\u010dovanie paraleln\u00fdch rokovan\u00ed v tematicky zameran\u00fdch sekci\u00e1ch od 14.00 \u2013 Ubytovanie \u00fa\u010dastn\u00edkov 14.00 \u2013 18.00 \u2013 Mo\u017enos\u0165 vyu\u017eitia wellnessu a \u0161portov\u00edsk 18.00 \u2013 19.00 \u2013 Ve\u010dera 19.00 \u2013 21.00 \u2013 Mo\u017enos\u0165 vyu\u017eitia [&hellip;]<\/p>\n","protected":false},"author":2,"featured_media":0,"parent":0,"menu_order":0,"comment_status":"closed","ping_status":"closed","template":"","meta":{"footnotes":""},"class_list":["post-36","page","type-page","status-publish","hentry"],"yoast_head":"<!-- This site is optimized with the Yoast SEO plugin v27.2 - https:\/\/yoast.com\/product\/yoast-seo-wordpress\/ -->\n<title>Program - Milniky<\/title>\n<meta name=\"robots\" content=\"index, follow, max-snippet:-1, max-image-preview:large, max-video-preview:-1\" \/>\n<link rel=\"canonical\" href=\"https:\/\/milniky2025.flaw.uniba.sk\/en\/program\/\" \/>\n<meta property=\"og:locale\" content=\"en_US\" \/>\n<meta property=\"og:type\" content=\"article\" \/>\n<meta property=\"og:title\" content=\"Program - Milniky\" \/>\n<meta property=\"og:description\" content=\"R\u00e1mcov\u00fd program konferencie 10. 4. 2025 (\u0160TVRTOK) od 08.00 \u2013 Registr\u00e1cia \u00fa\u010dastn\u00edkov Paraleln\u00e9 rokovania v tematicky zameran\u00fdch sekci\u00e1ch 12.00 \u2013 13.00 \u2013 Obed Pokra\u010dovanie paraleln\u00fdch rokovan\u00ed v tematicky zameran\u00fdch sekci\u00e1ch od 14.00 \u2013 Ubytovanie \u00fa\u010dastn\u00edkov 14.00 \u2013 18.00 \u2013 Mo\u017enos\u0165 vyu\u017eitia wellnessu a \u0161portov\u00edsk 18.00 \u2013 19.00 \u2013 Ve\u010dera 19.00 \u2013 21.00 \u2013 Mo\u017enos\u0165 vyu\u017eitia [&hellip;]\" \/>\n<meta property=\"og:url\" content=\"https:\/\/milniky2025.flaw.uniba.sk\/en\/program\/\" \/>\n<meta property=\"og:site_name\" content=\"Milniky\" \/>\n<meta property=\"article:modified_time\" content=\"2025-04-11T07:49:54+00:00\" \/>\n<meta name=\"twitter:card\" content=\"summary_large_image\" \/>\n<meta name=\"twitter:label1\" content=\"Est. reading time\" \/>\n\t<meta name=\"twitter:data1\" content=\"3 minutes\" \/>\n<script type=\"application\/ld+json\" class=\"yoast-schema-graph\">{\"@context\":\"https:\/\/schema.org\",\"@graph\":[{\"@type\":\"WebPage\",\"@id\":\"https:\/\/milniky2025.flaw.uniba.sk\/program\/\",\"url\":\"https:\/\/milniky2025.flaw.uniba.sk\/program\/\",\"name\":\"Program - Milniky\",\"isPartOf\":{\"@id\":\"https:\/\/milniky2025.flaw.uniba.sk\/#website\"},\"datePublished\":\"2021-04-12T11:02:29+00:00\",\"dateModified\":\"2025-04-11T07:49:54+00:00\",\"breadcrumb\":{\"@id\":\"https:\/\/milniky2025.flaw.uniba.sk\/program\/#breadcrumb\"},\"inLanguage\":\"en-US\",\"potentialAction\":[{\"@type\":\"ReadAction\",\"target\":[\"https:\/\/milniky2025.flaw.uniba.sk\/program\/\"]}]},{\"@type\":\"BreadcrumbList\",\"@id\":\"https:\/\/milniky2025.flaw.uniba.sk\/program\/#breadcrumb\",\"itemListElement\":[{\"@type\":\"ListItem\",\"position\":1,\"name\":\"Home\",\"item\":\"https:\/\/milniky2025.flaw.uniba.sk\/\"},{\"@type\":\"ListItem\",\"position\":2,\"name\":\"Program\"}]},{\"@type\":\"WebSite\",\"@id\":\"https:\/\/milniky2025.flaw.uniba.sk\/#website\",\"url\":\"https:\/\/milniky2025.flaw.uniba.sk\/\",\"name\":\"Milniky\",\"description\":\"\",\"publisher\":{\"@id\":\"https:\/\/milniky2025.flaw.uniba.sk\/#organization\"},\"potentialAction\":[{\"@type\":\"SearchAction\",\"target\":{\"@type\":\"EntryPoint\",\"urlTemplate\":\"https:\/\/milniky2025.flaw.uniba.sk\/?s={search_term_string}\"},\"query-input\":{\"@type\":\"PropertyValueSpecification\",\"valueRequired\":true,\"valueName\":\"search_term_string\"}}],\"inLanguage\":\"en-US\"},{\"@type\":\"Organization\",\"@id\":\"https:\/\/milniky2025.flaw.uniba.sk\/#organization\",\"name\":\"Milniky\",\"url\":\"https:\/\/milniky2025.flaw.uniba.sk\/\",\"logo\":{\"@type\":\"ImageObject\",\"inLanguage\":\"en-US\",\"@id\":\"https:\/\/milniky2025.flaw.uniba.sk\/#\/schema\/logo\/image\/\",\"url\":\"https:\/\/milniky2025.flaw.uniba.sk\/wp-content\/uploads\/2024\/09\/SK-milniky-logo-sk-BIELE.png\",\"contentUrl\":\"https:\/\/milniky2025.flaw.uniba.sk\/wp-content\/uploads\/2024\/09\/SK-milniky-logo-sk-BIELE.png\",\"width\":3219,\"height\":845,\"caption\":\"Milniky\"},\"image\":{\"@id\":\"https:\/\/milniky2025.flaw.uniba.sk\/#\/schema\/logo\/image\/\"}}]}<\/script>\n<!-- \/ Yoast SEO plugin. -->","yoast_head_json":{"title":"Program - Milniky","robots":{"index":"index","follow":"follow","max-snippet":"max-snippet:-1","max-image-preview":"max-image-preview:large","max-video-preview":"max-video-preview:-1"},"canonical":"https:\/\/milniky2025.flaw.uniba.sk\/en\/program\/","og_locale":"en_US","og_type":"article","og_title":"Program - Milniky","og_description":"R\u00e1mcov\u00fd program konferencie 10. 4. 2025 (\u0160TVRTOK) od 08.00 \u2013 Registr\u00e1cia \u00fa\u010dastn\u00edkov Paraleln\u00e9 rokovania v tematicky zameran\u00fdch sekci\u00e1ch 12.00 \u2013 13.00 \u2013 Obed Pokra\u010dovanie paraleln\u00fdch rokovan\u00ed v tematicky zameran\u00fdch sekci\u00e1ch od 14.00 \u2013 Ubytovanie \u00fa\u010dastn\u00edkov 14.00 \u2013 18.00 \u2013 Mo\u017enos\u0165 vyu\u017eitia wellnessu a \u0161portov\u00edsk 18.00 \u2013 19.00 \u2013 Ve\u010dera 19.00 \u2013 21.00 \u2013 Mo\u017enos\u0165 vyu\u017eitia [&hellip;]","og_url":"https:\/\/milniky2025.flaw.uniba.sk\/en\/program\/","og_site_name":"Milniky","article_modified_time":"2025-04-11T07:49:54+00:00","twitter_card":"summary_large_image","twitter_misc":{"Est. reading time":"3 minutes"},"schema":{"@context":"https:\/\/schema.org","@graph":[{"@type":"WebPage","@id":"https:\/\/milniky2025.flaw.uniba.sk\/program\/","url":"https:\/\/milniky2025.flaw.uniba.sk\/program\/","name":"Program - Milniky","isPartOf":{"@id":"https:\/\/milniky2025.flaw.uniba.sk\/#website"},"datePublished":"2021-04-12T11:02:29+00:00","dateModified":"2025-04-11T07:49:54+00:00","breadcrumb":{"@id":"https:\/\/milniky2025.flaw.uniba.sk\/program\/#breadcrumb"},"inLanguage":"en-US","potentialAction":[{"@type":"ReadAction","target":["https:\/\/milniky2025.flaw.uniba.sk\/program\/"]}]},{"@type":"BreadcrumbList","@id":"https:\/\/milniky2025.flaw.uniba.sk\/program\/#breadcrumb","itemListElement":[{"@type":"ListItem","position":1,"name":"Home","item":"https:\/\/milniky2025.flaw.uniba.sk\/"},{"@type":"ListItem","position":2,"name":"Program"}]},{"@type":"WebSite","@id":"https:\/\/milniky2025.flaw.uniba.sk\/#website","url":"https:\/\/milniky2025.flaw.uniba.sk\/","name":"Milestones","description":"","publisher":{"@id":"https:\/\/milniky2025.flaw.uniba.sk\/#organization"},"potentialAction":[{"@type":"SearchAction","target":{"@type":"EntryPoint","urlTemplate":"https:\/\/milniky2025.flaw.uniba.sk\/?s={search_term_string}"},"query-input":{"@type":"PropertyValueSpecification","valueRequired":true,"valueName":"search_term_string"}}],"inLanguage":"en-US"},{"@type":"Organization","@id":"https:\/\/milniky2025.flaw.uniba.sk\/#organization","name":"Milestones","url":"https:\/\/milniky2025.flaw.uniba.sk\/","logo":{"@type":"ImageObject","inLanguage":"en-US","@id":"https:\/\/milniky2025.flaw.uniba.sk\/#\/schema\/logo\/image\/","url":"https:\/\/milniky2025.flaw.uniba.sk\/wp-content\/uploads\/2024\/09\/SK-milniky-logo-sk-BIELE.png","contentUrl":"https:\/\/milniky2025.flaw.uniba.sk\/wp-content\/uploads\/2024\/09\/SK-milniky-logo-sk-BIELE.png","width":3219,"height":845,"caption":"Milniky"},"image":{"@id":"https:\/\/milniky2025.flaw.uniba.sk\/#\/schema\/logo\/image\/"}}]}},"_links":{"self":[{"href":"https:\/\/milniky2025.flaw.uniba.sk\/en\/wp-json\/wp\/v2\/pages\/36","targetHints":{"allow":["GET"]}}],"collection":[{"href":"https:\/\/milniky2025.flaw.uniba.sk\/en\/wp-json\/wp\/v2\/pages"}],"about":[{"href":"https:\/\/milniky2025.flaw.uniba.sk\/en\/wp-json\/wp\/v2\/types\/page"}],"author":[{"embeddable":true,"href":"https:\/\/milniky2025.flaw.uniba.sk\/en\/wp-json\/wp\/v2\/users\/2"}],"replies":[{"embeddable":true,"href":"https:\/\/milniky2025.flaw.uniba.sk\/en\/wp-json\/wp\/v2\/comments?post=36"}],"version-history":[{"count":547,"href":"https:\/\/milniky2025.flaw.uniba.sk\/en\/wp-json\/wp\/v2\/pages\/36\/revisions"}],"predecessor-version":[{"id":1599,"href":"https:\/\/milniky2025.flaw.uniba.sk\/en\/wp-json\/wp\/v2\/pages\/36\/revisions\/1599"}],"wp:attachment":[{"href":"https:\/\/milniky2025.flaw.uniba.sk\/en\/wp-json\/wp\/v2\/media?parent=36"}],"curies":[{"name":"wp","href":"https:\/\/api.w.org\/{rel}","templated":true}]}}