{"id":32,"date":"2021-04-12T13:01:42","date_gmt":"2021-04-12T11:01:42","guid":{"rendered":"https:\/\/milniky.flaw.uniba.sk\/?page_id=32"},"modified":"2025-01-31T13:16:59","modified_gmt":"2025-01-31T12:16:59","slug":"uvod","status":"publish","type":"page","link":"https:\/\/milniky2025.flaw.uniba.sk\/en\/","title":{"rendered":"Home"},"content":{"rendered":"<p style=\"text-align: center;\">Comenius University in Bratislava, Faculty of Law is organising 19th year of international scholarly conference for Ph.D. students and young researchers entitled \"<strong>The Milestones of Law in Central Europe 2025<\/strong>\". The conference will be held under the auspices of the Dean of Faculty of Law, Comenius University in Bratislava, prof. JUDr. Eduard Burda, PhD. from <strong>10th to 12th April 2025 (Thursday \u2013 Saturday)<\/strong> in the premises of <strong>Purpose-built facility of the National Council of the Slovak Republic \u010cast\u00e1 \u2013 Papierni\u010dka<\/strong>.<\/p>\n<p style=\"text-align: center;\">The conference is intended for all Ph.D. students and law researchers <strong>who have not obtained the scientific and pedagogical title of associate professor yet<\/strong>. \u00a0<\/p>\n\n\n<p class=\"has-text-align-center\">International academic conference \"Milestones of Law in the Central European Area 2025\" with central theme \"The Rule of Law in the 21st Century: Challenges, Opportunities, and Global Perspectives\" will serve as a unique platform for around 150 young researchers from V4 countries  to present their work, engage in discussions on contemporary legal challenges (not only) connected with the central theme of the conference, and establish valuable cross-border collaborations and connections that can enhance their academic and professional development. This event will be held in the facility \"Papierni\u010dka-\u010cast\u00e1\", which in addition to the premises for the official part of the conference also provides suitable premises for the social programme and for the accommodation of participants. The conference will be held with the support of the Visegrad Fund.<\/p>\n\n\n\n<div class=\"row\"><script src=\"https:\/\/cdn.logwork.com\/widget\/countdown.js\"><\/script>\n<a href=\"https:\/\/logwork.com\/countdown-timer\" class=\"countdown-timer\" data-style=\"columns\" data-timezone=\"Europe\/Bratislava\" data-language=\"sk\" data-date=\"2025-04-10 8:00\">Countdown<\/a><div>\n\n\n\n<h2 class=\"wp-block-heading has-text-align-center\">Project partners<\/h2>\n\n\n\n<div class=\"wp-block-columns is-layout-flex wp-container-core-columns-is-layout-9d6595d7 wp-block-columns-is-layout-flex\">\n<div class=\"wp-block-column is-layout-flow wp-block-column-is-layout-flow\"><div class=\"wp-block-image\">\n<figure class=\"aligncenter size-full\"><a href=\"https:\/\/www.flaw.uniba.sk\/en\/\"><img fetchpriority=\"high\" decoding=\"async\" width=\"512\" height=\"512\" src=\"https:\/\/milniky.flaw.uniba.sk\/wp-content\/uploads\/2024\/05\/cropped-cropped-PraF_logo_BP-1.png\" alt=\"\" class=\"wp-image-1306\" srcset=\"https:\/\/milniky2025.flaw.uniba.sk\/wp-content\/uploads\/2024\/05\/cropped-cropped-PraF_logo_BP-1.png 512w, https:\/\/milniky2025.flaw.uniba.sk\/wp-content\/uploads\/2024\/05\/cropped-cropped-PraF_logo_BP-1-300x300.png 300w, https:\/\/milniky2025.flaw.uniba.sk\/wp-content\/uploads\/2024\/05\/cropped-cropped-PraF_logo_BP-1-150x150.png 150w, https:\/\/milniky2025.flaw.uniba.sk\/wp-content\/uploads\/2024\/05\/cropped-cropped-PraF_logo_BP-1-12x12.png 12w, https:\/\/milniky2025.flaw.uniba.sk\/wp-content\/uploads\/2024\/05\/cropped-cropped-PraF_logo_BP-1-270x270.png 270w, https:\/\/milniky2025.flaw.uniba.sk\/wp-content\/uploads\/2024\/05\/cropped-cropped-PraF_logo_BP-1-192x192.png 192w, https:\/\/milniky2025.flaw.uniba.sk\/wp-content\/uploads\/2024\/05\/cropped-cropped-PraF_logo_BP-1-180x180.png 180w, https:\/\/milniky2025.flaw.uniba.sk\/wp-content\/uploads\/2024\/05\/cropped-cropped-PraF_logo_BP-1-32x32.png 32w\" sizes=\"(max-width: 512px) 100vw, 512px\" \/><\/a><\/figure>\n<\/div><\/div>\n\n\n\n<div class=\"wp-block-column is-layout-flow wp-block-column-is-layout-flow\"><div class=\"wp-block-image\">\n<figure class=\"aligncenter size-full\"><a href=\"https:\/\/www.law.muni.cz\/content\/en\/\"><img decoding=\"async\" width=\"250\" height=\"250\" src=\"https:\/\/milniky.flaw.uniba.sk\/wp-content\/uploads\/2025\/01\/MU-law.png\" alt=\"\" class=\"wp-image-1542\" srcset=\"https:\/\/milniky2025.flaw.uniba.sk\/wp-content\/uploads\/2025\/01\/MU-law.png 250w, https:\/\/milniky2025.flaw.uniba.sk\/wp-content\/uploads\/2025\/01\/MU-law-150x150.png 150w, https:\/\/milniky2025.flaw.uniba.sk\/wp-content\/uploads\/2025\/01\/MU-law-12x12.png 12w\" sizes=\"(max-width: 250px) 100vw, 250px\" \/><\/a><\/figure>\n<\/div><\/div>\n\n\n\n<div class=\"wp-block-column is-layout-flow wp-block-column-is-layout-flow\"><div class=\"wp-block-image\">\n<figure class=\"aligncenter size-full\"><a href=\"https:\/\/www.ajk.elte.hu\/en\/\"><img decoding=\"async\" width=\"1477\" height=\"2045\" src=\"https:\/\/milniky.flaw.uniba.sk\/wp-content\/uploads\/2025\/01\/ajk_angol_law_allo_rovid_rgb_fekete.png\" alt=\"\" class=\"wp-image-1539\" srcset=\"https:\/\/milniky2025.flaw.uniba.sk\/wp-content\/uploads\/2025\/01\/ajk_angol_law_allo_rovid_rgb_fekete.png 1477w, https:\/\/milniky2025.flaw.uniba.sk\/wp-content\/uploads\/2025\/01\/ajk_angol_law_allo_rovid_rgb_fekete-217x300.png 217w, https:\/\/milniky2025.flaw.uniba.sk\/wp-content\/uploads\/2025\/01\/ajk_angol_law_allo_rovid_rgb_fekete-740x1024.png 740w, https:\/\/milniky2025.flaw.uniba.sk\/wp-content\/uploads\/2025\/01\/ajk_angol_law_allo_rovid_rgb_fekete-768x1063.png 768w, https:\/\/milniky2025.flaw.uniba.sk\/wp-content\/uploads\/2025\/01\/ajk_angol_law_allo_rovid_rgb_fekete-1109x1536.png 1109w, https:\/\/milniky2025.flaw.uniba.sk\/wp-content\/uploads\/2025\/01\/ajk_angol_law_allo_rovid_rgb_fekete-9x12.png 9w, https:\/\/milniky2025.flaw.uniba.sk\/wp-content\/uploads\/2025\/01\/ajk_angol_law_allo_rovid_rgb_fekete-1200x1661.png 1200w\" sizes=\"(max-width: 1477px) 100vw, 1477px\" \/><\/a><\/figure>\n<\/div><\/div>\n\n\n\n<div class=\"wp-block-column is-vertically-aligned-center is-layout-flow wp-block-column-is-layout-flow\">\n<figure class=\"wp-block-image size-large\"><a href=\"https:\/\/www.ujd.edu.pl\/en\/artykuly\/394\/faculties-other-units\"><img loading=\"lazy\" decoding=\"async\" width=\"1024\" height=\"435\" src=\"https:\/\/milniky.flaw.uniba.sk\/wp-content\/uploads\/2025\/01\/ujd_logo_poziom_CMYK-1024x435.jpg\" alt=\"\" class=\"wp-image-1535\" srcset=\"https:\/\/milniky2025.flaw.uniba.sk\/wp-content\/uploads\/2025\/01\/ujd_logo_poziom_CMYK-1024x435.jpg 1024w, https:\/\/milniky2025.flaw.uniba.sk\/wp-content\/uploads\/2025\/01\/ujd_logo_poziom_CMYK-300x128.jpg 300w, https:\/\/milniky2025.flaw.uniba.sk\/wp-content\/uploads\/2025\/01\/ujd_logo_poziom_CMYK-768x327.jpg 768w, https:\/\/milniky2025.flaw.uniba.sk\/wp-content\/uploads\/2025\/01\/ujd_logo_poziom_CMYK-1536x653.jpg 1536w, https:\/\/milniky2025.flaw.uniba.sk\/wp-content\/uploads\/2025\/01\/ujd_logo_poziom_CMYK-2048x871.jpg 2048w, https:\/\/milniky2025.flaw.uniba.sk\/wp-content\/uploads\/2025\/01\/ujd_logo_poziom_CMYK-18x8.jpg 18w, https:\/\/milniky2025.flaw.uniba.sk\/wp-content\/uploads\/2025\/01\/ujd_logo_poziom_CMYK-1200x510.jpg 1200w, https:\/\/milniky2025.flaw.uniba.sk\/wp-content\/uploads\/2025\/01\/ujd_logo_poziom_CMYK-1980x842.jpg 1980w\" sizes=\"(max-width: 1024px) 100vw, 1024px\" \/><\/a><\/figure>\n<\/div>\n<\/div>\n\n\n\n<h2 class=\"wp-block-heading has-text-align-center\">Main partner<\/h2>\n\n\n<div class=\"wp-block-image\">\n<figure class=\"aligncenter size-full\"><a href=\"https:\/\/www.visegradfund.org\/\"><img loading=\"lazy\" decoding=\"async\" width=\"300\" height=\"150\" src=\"https:\/\/milniky.flaw.uniba.sk\/wp-content\/uploads\/2025\/01\/IVF-25years-logo-RGB-300x150-light.jpg\" alt=\"\" class=\"wp-image-1560\" srcset=\"https:\/\/milniky2025.flaw.uniba.sk\/wp-content\/uploads\/2025\/01\/IVF-25years-logo-RGB-300x150-light.jpg 300w, https:\/\/milniky2025.flaw.uniba.sk\/wp-content\/uploads\/2025\/01\/IVF-25years-logo-RGB-300x150-light-18x9.jpg 18w\" sizes=\"(max-width: 300px) 100vw, 300px\" \/><\/a><\/figure>\n<\/div>\n\n\n<h2 class=\"wp-block-heading has-text-align-center\">Partners<\/h2>\n\n\n\n<div class=\"wp-block-group\"><div class=\"wp-block-group__inner-container is-layout-constrained wp-block-group-is-layout-constrained\">\n<div class=\"wp-block-columns is-layout-flex wp-container-core-columns-is-layout-9d6595d7 wp-block-columns-is-layout-flex\">\n<div class=\"wp-block-column is-layout-flow wp-block-column-is-layout-flow\">\n<figure class=\"wp-block-image size-full\"><a href=\"https:\/\/www.wolterskluwer.com\/en\"><img loading=\"lazy\" decoding=\"async\" width=\"960\" height=\"540\" src=\"https:\/\/milniky.flaw.uniba.sk\/wp-content\/uploads\/2021\/05\/wolters.jpg\" alt=\"partner-logo\" class=\"wp-image-159\" srcset=\"https:\/\/milniky2025.flaw.uniba.sk\/wp-content\/uploads\/2021\/05\/wolters.jpg 960w, https:\/\/milniky2025.flaw.uniba.sk\/wp-content\/uploads\/2021\/05\/wolters-300x169.jpg 300w, https:\/\/milniky2025.flaw.uniba.sk\/wp-content\/uploads\/2021\/05\/wolters-768x432.jpg 768w, https:\/\/milniky2025.flaw.uniba.sk\/wp-content\/uploads\/2021\/05\/wolters-16x9.jpg 16w\" sizes=\"(max-width: 960px) 100vw, 960px\" \/><\/a><\/figure>\n<\/div>\n\n\n\n<div class=\"wp-block-column is-layout-flow wp-block-column-is-layout-flow\">\n<figure class=\"wp-block-image size-large\"><a href=\"https:\/\/www.beck.sk\/\"><img loading=\"lazy\" decoding=\"async\" width=\"1024\" height=\"315\" src=\"https:\/\/milniky.flaw.uniba.sk\/wp-content\/uploads\/2021\/05\/logo-grifin-C.-H.-BECK-vedle-sebe-cervena-1024x315.png\" alt=\"partner-logo\" class=\"wp-image-157\" srcset=\"https:\/\/milniky2025.flaw.uniba.sk\/wp-content\/uploads\/2021\/05\/logo-grifin-C.-H.-BECK-vedle-sebe-cervena-1024x315.png 1024w, https:\/\/milniky2025.flaw.uniba.sk\/wp-content\/uploads\/2021\/05\/logo-grifin-C.-H.-BECK-vedle-sebe-cervena-300x92.png 300w, https:\/\/milniky2025.flaw.uniba.sk\/wp-content\/uploads\/2021\/05\/logo-grifin-C.-H.-BECK-vedle-sebe-cervena-768x237.png 768w, https:\/\/milniky2025.flaw.uniba.sk\/wp-content\/uploads\/2021\/05\/logo-grifin-C.-H.-BECK-vedle-sebe-cervena-1536x473.png 1536w, https:\/\/milniky2025.flaw.uniba.sk\/wp-content\/uploads\/2021\/05\/logo-grifin-C.-H.-BECK-vedle-sebe-cervena-2048x631.png 2048w, https:\/\/milniky2025.flaw.uniba.sk\/wp-content\/uploads\/2021\/05\/logo-grifin-C.-H.-BECK-vedle-sebe-cervena-16x5.png 16w, https:\/\/milniky2025.flaw.uniba.sk\/wp-content\/uploads\/2021\/05\/logo-grifin-C.-H.-BECK-vedle-sebe-cervena-1200x370.png 1200w, https:\/\/milniky2025.flaw.uniba.sk\/wp-content\/uploads\/2021\/05\/logo-grifin-C.-H.-BECK-vedle-sebe-cervena-1980x610.png 1980w\" sizes=\"(max-width: 1024px) 100vw, 1024px\" \/><\/a><\/figure>\n<\/div>\n\n\n\n<div class=\"wp-block-column is-layout-flow wp-block-column-is-layout-flow\">\n<figure class=\"wp-block-image size-full\"><a href=\"https:\/\/www.judikaty.info\/\"><img loading=\"lazy\" decoding=\"async\" width=\"246\" height=\"81\" src=\"https:\/\/milniky.flaw.uniba.sk\/wp-content\/uploads\/2021\/05\/ji1.jpg\" alt=\"partner-logo\" class=\"wp-image-156\" srcset=\"https:\/\/milniky2025.flaw.uniba.sk\/wp-content\/uploads\/2021\/05\/ji1.jpg 246w, https:\/\/milniky2025.flaw.uniba.sk\/wp-content\/uploads\/2021\/05\/ji1-16x5.jpg 16w\" sizes=\"(max-width: 246px) 100vw, 246px\" \/><\/a><\/figure>\n<\/div>\n<\/div>\n<\/div><\/div>\n\n\n\n<div class=\"wp-block-columns is-layout-flex wp-container-core-columns-is-layout-9d6595d7 wp-block-columns-is-layout-flex\">\n<div class=\"wp-block-column is-layout-flow wp-block-column-is-layout-flow\">\n<figure class=\"wp-block-image size-full\"><a href=\"https:\/\/www.aspi.sk\/\"><img loading=\"lazy\" decoding=\"async\" width=\"236\" height=\"236\" src=\"https:\/\/milniky.flaw.uniba.sk\/wp-content\/uploads\/2021\/05\/12977.jpg\" alt=\"partner-logo\" class=\"wp-image-155\" srcset=\"https:\/\/milniky2025.flaw.uniba.sk\/wp-content\/uploads\/2021\/05\/12977.jpg 236w, https:\/\/milniky2025.flaw.uniba.sk\/wp-content\/uploads\/2021\/05\/12977-150x150.jpg 150w, https:\/\/milniky2025.flaw.uniba.sk\/wp-content\/uploads\/2021\/05\/12977-12x12.jpg 12w\" sizes=\"(max-width: 236px) 100vw, 236px\" \/><\/a><\/figure>\n<\/div>\n\n\n\n<div class=\"wp-block-column is-layout-flow wp-block-column-is-layout-flow\">\n<figure class=\"wp-block-image size-full\"><a href=\"https:\/\/www.beck-online.sk\/\"><img loading=\"lazy\" decoding=\"async\" width=\"397\" height=\"90\" src=\"https:\/\/milniky.flaw.uniba.sk\/wp-content\/uploads\/2021\/05\/logo-red.png\" alt=\"partner-logo\" class=\"wp-image-158\" srcset=\"https:\/\/milniky2025.flaw.uniba.sk\/wp-content\/uploads\/2021\/05\/logo-red.png 397w, https:\/\/milniky2025.flaw.uniba.sk\/wp-content\/uploads\/2021\/05\/logo-red-300x68.png 300w, https:\/\/milniky2025.flaw.uniba.sk\/wp-content\/uploads\/2021\/05\/logo-red-16x4.png 16w\" sizes=\"(max-width: 397px) 100vw, 397px\" \/><\/a><\/figure>\n<\/div>\n\n\n\n<div class=\"wp-block-column is-layout-flow wp-block-column-is-layout-flow\">\n<figure class=\"wp-block-image size-full\"><a href=\"https:\/\/zakony.judikaty.info\/\"><img loading=\"lazy\" decoding=\"async\" width=\"349\" height=\"78\" src=\"https:\/\/milniky.flaw.uniba.sk\/wp-content\/uploads\/2021\/05\/zj1.jpg\" alt=\"partner-logo\" class=\"wp-image-160\" srcset=\"https:\/\/milniky2025.flaw.uniba.sk\/wp-content\/uploads\/2021\/05\/zj1.jpg 349w, https:\/\/milniky2025.flaw.uniba.sk\/wp-content\/uploads\/2021\/05\/zj1-300x67.jpg 300w, https:\/\/milniky2025.flaw.uniba.sk\/wp-content\/uploads\/2021\/05\/zj1-16x4.jpg 16w\" sizes=\"(max-width: 349px) 100vw, 349px\" \/><\/a><\/figure>\n<\/div>\n<\/div>","protected":false},"excerpt":{"rendered":"<p>Univerzita Komensk\u00e9ho v Bratislave, Pr\u00e1vnick\u00e1 fakulta organizuje 19. ro\u010dn\u00edk medzin\u00e1rodnej vedeckej konferencie doktorandov a mlad\u00fdch vedeck\u00fdch pracovn\u00edkov \u201eM\u00ed\u013eniky pr\u00e1va v stredoeur\u00f3pskom priestore 2025\u201c. Konferencia sa bude kona\u0165 pod z\u00e1\u0161titou dekana Pr\u00e1vnickej fakulty Univerzity Komensk\u00e9ho v Bratislave, prof. JUDr. Eduarda Burdu, PhD. v d\u0148och 10. \u2013 12. apr\u00edla 2025 (\u0161tvrtok \u2013 sobota) v priestoroch \u00da\u010delov\u00e9ho zariadenia [&hellip;]<\/p>\n","protected":false},"author":2,"featured_media":99,"parent":0,"menu_order":0,"comment_status":"closed","ping_status":"closed","template":"templates\/template-cover.php","meta":{"footnotes":""},"class_list":["post-32","page","type-page","status-publish","has-post-thumbnail","hentry"],"yoast_head":"<!-- This site is optimized with the Yoast SEO plugin v27.2 - https:\/\/yoast.com\/product\/yoast-seo-wordpress\/ -->\n<title>\u00davod - Milniky<\/title>\n<meta name=\"robots\" content=\"index, follow, max-snippet:-1, max-image-preview:large, max-video-preview:-1\" \/>\n<link rel=\"canonical\" href=\"https:\/\/milniky2025.flaw.uniba.sk\/en\/\" \/>\n<meta property=\"og:locale\" content=\"en_US\" \/>\n<meta property=\"og:type\" content=\"article\" \/>\n<meta property=\"og:title\" content=\"\u00davod - Milniky\" \/>\n<meta property=\"og:description\" content=\"Univerzita Komensk\u00e9ho v Bratislave, Pr\u00e1vnick\u00e1 fakulta organizuje 19. ro\u010dn\u00edk medzin\u00e1rodnej vedeckej konferencie doktorandov a mlad\u00fdch vedeck\u00fdch pracovn\u00edkov \u201eM\u00ed\u013eniky pr\u00e1va v stredoeur\u00f3pskom priestore 2025\u201c. Konferencia sa bude kona\u0165 pod z\u00e1\u0161titou dekana Pr\u00e1vnickej fakulty Univerzity Komensk\u00e9ho v Bratislave, prof. JUDr. Eduarda Burdu, PhD. v d\u0148och 10. \u2013 12. apr\u00edla 2025 (\u0161tvrtok \u2013 sobota) v priestoroch \u00da\u010delov\u00e9ho zariadenia [&hellip;]\" \/>\n<meta property=\"og:url\" content=\"https:\/\/milniky2025.flaw.uniba.sk\/en\/\" \/>\n<meta property=\"og:site_name\" content=\"Milniky\" \/>\n<meta property=\"article:modified_time\" content=\"2025-01-31T12:16:59+00:00\" \/>\n<meta property=\"og:image\" content=\"https:\/\/milniky2025.flaw.uniba.sk\/wp-content\/uploads\/2021\/05\/cut-scaled.jpg\" \/>\n\t<meta property=\"og:image:width\" content=\"2560\" \/>\n\t<meta property=\"og:image:height\" content=\"1211\" \/>\n\t<meta property=\"og:image:type\" content=\"image\/jpeg\" \/>\n<meta name=\"twitter:card\" content=\"summary_large_image\" \/>\n<meta name=\"twitter:label1\" content=\"Est. reading time\" \/>\n\t<meta name=\"twitter:data1\" content=\"4 minutes\" \/>\n<script type=\"application\/ld+json\" class=\"yoast-schema-graph\">{\"@context\":\"https:\/\/schema.org\",\"@graph\":[{\"@type\":\"WebPage\",\"@id\":\"https:\/\/milniky2025.flaw.uniba.sk\/\",\"url\":\"https:\/\/milniky2025.flaw.uniba.sk\/\",\"name\":\"\u00davod - Milniky\",\"isPartOf\":{\"@id\":\"https:\/\/milniky2025.flaw.uniba.sk\/#website\"},\"primaryImageOfPage\":{\"@id\":\"https:\/\/milniky2025.flaw.uniba.sk\/#primaryimage\"},\"image\":{\"@id\":\"https:\/\/milniky2025.flaw.uniba.sk\/#primaryimage\"},\"thumbnailUrl\":\"https:\/\/milniky2025.flaw.uniba.sk\/wp-content\/uploads\/2021\/05\/cut-scaled.jpg\",\"datePublished\":\"2021-04-12T11:01:42+00:00\",\"dateModified\":\"2025-01-31T12:16:59+00:00\",\"breadcrumb\":{\"@id\":\"https:\/\/milniky2025.flaw.uniba.sk\/#breadcrumb\"},\"inLanguage\":\"en-US\",\"potentialAction\":[{\"@type\":\"ReadAction\",\"target\":[\"https:\/\/milniky2025.flaw.uniba.sk\/\"]}]},{\"@type\":\"ImageObject\",\"inLanguage\":\"en-US\",\"@id\":\"https:\/\/milniky2025.flaw.uniba.sk\/#primaryimage\",\"url\":\"https:\/\/milniky2025.flaw.uniba.sk\/wp-content\/uploads\/2021\/05\/cut-scaled.jpg\",\"contentUrl\":\"https:\/\/milniky2025.flaw.uniba.sk\/wp-content\/uploads\/2021\/05\/cut-scaled.jpg\",\"width\":2560,\"height\":1211,\"caption\":\"overlay\"},{\"@type\":\"BreadcrumbList\",\"@id\":\"https:\/\/milniky2025.flaw.uniba.sk\/#breadcrumb\",\"itemListElement\":[{\"@type\":\"ListItem\",\"position\":1,\"name\":\"Home\",\"item\":\"https:\/\/milniky2025.flaw.uniba.sk\/\"},{\"@type\":\"ListItem\",\"position\":2,\"name\":\"\u00davod\"}]},{\"@type\":\"WebSite\",\"@id\":\"https:\/\/milniky2025.flaw.uniba.sk\/#website\",\"url\":\"https:\/\/milniky2025.flaw.uniba.sk\/\",\"name\":\"Milniky\",\"description\":\"\",\"publisher\":{\"@id\":\"https:\/\/milniky2025.flaw.uniba.sk\/#organization\"},\"potentialAction\":[{\"@type\":\"SearchAction\",\"target\":{\"@type\":\"EntryPoint\",\"urlTemplate\":\"https:\/\/milniky2025.flaw.uniba.sk\/?s={search_term_string}\"},\"query-input\":{\"@type\":\"PropertyValueSpecification\",\"valueRequired\":true,\"valueName\":\"search_term_string\"}}],\"inLanguage\":\"en-US\"},{\"@type\":\"Organization\",\"@id\":\"https:\/\/milniky2025.flaw.uniba.sk\/#organization\",\"name\":\"Milniky\",\"url\":\"https:\/\/milniky2025.flaw.uniba.sk\/\",\"logo\":{\"@type\":\"ImageObject\",\"inLanguage\":\"en-US\",\"@id\":\"https:\/\/milniky2025.flaw.uniba.sk\/#\/schema\/logo\/image\/\",\"url\":\"https:\/\/milniky2025.flaw.uniba.sk\/wp-content\/uploads\/2024\/09\/SK-milniky-logo-sk-BIELE.png\",\"contentUrl\":\"https:\/\/milniky2025.flaw.uniba.sk\/wp-content\/uploads\/2024\/09\/SK-milniky-logo-sk-BIELE.png\",\"width\":3219,\"height\":845,\"caption\":\"Milniky\"},\"image\":{\"@id\":\"https:\/\/milniky2025.flaw.uniba.sk\/#\/schema\/logo\/image\/\"}}]}<\/script>\n<!-- \/ Yoast SEO plugin. -->","yoast_head_json":{"title":"\u00davod - Milniky","robots":{"index":"index","follow":"follow","max-snippet":"max-snippet:-1","max-image-preview":"max-image-preview:large","max-video-preview":"max-video-preview:-1"},"canonical":"https:\/\/milniky2025.flaw.uniba.sk\/en\/","og_locale":"en_US","og_type":"article","og_title":"\u00davod - Milniky","og_description":"Univerzita Komensk\u00e9ho v Bratislave, Pr\u00e1vnick\u00e1 fakulta organizuje 19. ro\u010dn\u00edk medzin\u00e1rodnej vedeckej konferencie doktorandov a mlad\u00fdch vedeck\u00fdch pracovn\u00edkov \u201eM\u00ed\u013eniky pr\u00e1va v stredoeur\u00f3pskom priestore 2025\u201c. Konferencia sa bude kona\u0165 pod z\u00e1\u0161titou dekana Pr\u00e1vnickej fakulty Univerzity Komensk\u00e9ho v Bratislave, prof. JUDr. Eduarda Burdu, PhD. v d\u0148och 10. \u2013 12. apr\u00edla 2025 (\u0161tvrtok \u2013 sobota) v priestoroch \u00da\u010delov\u00e9ho zariadenia [&hellip;]","og_url":"https:\/\/milniky2025.flaw.uniba.sk\/en\/","og_site_name":"Milniky","article_modified_time":"2025-01-31T12:16:59+00:00","og_image":[{"width":2560,"height":1211,"url":"https:\/\/milniky2025.flaw.uniba.sk\/wp-content\/uploads\/2021\/05\/cut-scaled.jpg","type":"image\/jpeg"}],"twitter_card":"summary_large_image","twitter_misc":{"Est. reading time":"4 minutes"},"schema":{"@context":"https:\/\/schema.org","@graph":[{"@type":"WebPage","@id":"https:\/\/milniky2025.flaw.uniba.sk\/","url":"https:\/\/milniky2025.flaw.uniba.sk\/","name":"\u00davod - Milniky","isPartOf":{"@id":"https:\/\/milniky2025.flaw.uniba.sk\/#website"},"primaryImageOfPage":{"@id":"https:\/\/milniky2025.flaw.uniba.sk\/#primaryimage"},"image":{"@id":"https:\/\/milniky2025.flaw.uniba.sk\/#primaryimage"},"thumbnailUrl":"https:\/\/milniky2025.flaw.uniba.sk\/wp-content\/uploads\/2021\/05\/cut-scaled.jpg","datePublished":"2021-04-12T11:01:42+00:00","dateModified":"2025-01-31T12:16:59+00:00","breadcrumb":{"@id":"https:\/\/milniky2025.flaw.uniba.sk\/#breadcrumb"},"inLanguage":"en-US","potentialAction":[{"@type":"ReadAction","target":["https:\/\/milniky2025.flaw.uniba.sk\/"]}]},{"@type":"ImageObject","inLanguage":"en-US","@id":"https:\/\/milniky2025.flaw.uniba.sk\/#primaryimage","url":"https:\/\/milniky2025.flaw.uniba.sk\/wp-content\/uploads\/2021\/05\/cut-scaled.jpg","contentUrl":"https:\/\/milniky2025.flaw.uniba.sk\/wp-content\/uploads\/2021\/05\/cut-scaled.jpg","width":2560,"height":1211,"caption":"overlay"},{"@type":"BreadcrumbList","@id":"https:\/\/milniky2025.flaw.uniba.sk\/#breadcrumb","itemListElement":[{"@type":"ListItem","position":1,"name":"Home","item":"https:\/\/milniky2025.flaw.uniba.sk\/"},{"@type":"ListItem","position":2,"name":"\u00davod"}]},{"@type":"WebSite","@id":"https:\/\/milniky2025.flaw.uniba.sk\/#website","url":"https:\/\/milniky2025.flaw.uniba.sk\/","name":"Milestones","description":"","publisher":{"@id":"https:\/\/milniky2025.flaw.uniba.sk\/#organization"},"potentialAction":[{"@type":"SearchAction","target":{"@type":"EntryPoint","urlTemplate":"https:\/\/milniky2025.flaw.uniba.sk\/?s={search_term_string}"},"query-input":{"@type":"PropertyValueSpecification","valueRequired":true,"valueName":"search_term_string"}}],"inLanguage":"en-US"},{"@type":"Organization","@id":"https:\/\/milniky2025.flaw.uniba.sk\/#organization","name":"Milestones","url":"https:\/\/milniky2025.flaw.uniba.sk\/","logo":{"@type":"ImageObject","inLanguage":"en-US","@id":"https:\/\/milniky2025.flaw.uniba.sk\/#\/schema\/logo\/image\/","url":"https:\/\/milniky2025.flaw.uniba.sk\/wp-content\/uploads\/2024\/09\/SK-milniky-logo-sk-BIELE.png","contentUrl":"https:\/\/milniky2025.flaw.uniba.sk\/wp-content\/uploads\/2024\/09\/SK-milniky-logo-sk-BIELE.png","width":3219,"height":845,"caption":"Milniky"},"image":{"@id":"https:\/\/milniky2025.flaw.uniba.sk\/#\/schema\/logo\/image\/"}}]}},"_links":{"self":[{"href":"https:\/\/milniky2025.flaw.uniba.sk\/en\/wp-json\/wp\/v2\/pages\/32","targetHints":{"allow":["GET"]}}],"collection":[{"href":"https:\/\/milniky2025.flaw.uniba.sk\/en\/wp-json\/wp\/v2\/pages"}],"about":[{"href":"https:\/\/milniky2025.flaw.uniba.sk\/en\/wp-json\/wp\/v2\/types\/page"}],"author":[{"embeddable":true,"href":"https:\/\/milniky2025.flaw.uniba.sk\/en\/wp-json\/wp\/v2\/users\/2"}],"replies":[{"embeddable":true,"href":"https:\/\/milniky2025.flaw.uniba.sk\/en\/wp-json\/wp\/v2\/comments?post=32"}],"version-history":[{"count":73,"href":"https:\/\/milniky2025.flaw.uniba.sk\/en\/wp-json\/wp\/v2\/pages\/32\/revisions"}],"predecessor-version":[{"id":1561,"href":"https:\/\/milniky2025.flaw.uniba.sk\/en\/wp-json\/wp\/v2\/pages\/32\/revisions\/1561"}],"wp:featuredmedia":[{"embeddable":true,"href":"https:\/\/milniky2025.flaw.uniba.sk\/en\/wp-json\/wp\/v2\/media\/99"}],"wp:attachment":[{"href":"https:\/\/milniky2025.flaw.uniba.sk\/en\/wp-json\/wp\/v2\/media?parent=32"}],"curies":[{"name":"wp","href":"https:\/\/api.w.org\/{rel}","templated":true}]}}