{"id":10,"date":"2021-04-12T12:50:09","date_gmt":"2021-04-12T10:50:09","guid":{"rendered":"https:\/\/milniky.flaw.uniba.sk\/?page_id=10"},"modified":"2025-03-12T14:40:08","modified_gmt":"2025-03-12T13:40:08","slug":"kontakt","status":"publish","type":"page","link":"https:\/\/milniky2025.flaw.uniba.sk\/en\/kontakt\/","title":{"rendered":"Contact"},"content":{"rendered":"<div class=\"wp-block-group\"><div class=\"wp-block-group__inner-container is-layout-flow wp-block-group-is-layout-flow\">\n<div class=\"wp-block-columns is-layout-flex wp-container-core-columns-is-layout-9d6595d7 wp-block-columns-is-layout-flex\">\n<div class=\"wp-block-column is-layout-flow wp-block-column-is-layout-flow\">\n<p><\/p>\n\n\n<p><iframe src=\"https:\/\/www.google.com\/maps\/embed?pb=!1m18!1m12!1m3!1d2838.970228983316!2d17.2984833!3d48.39422629999999!2m3!1f0!2f0!3f0!3m2!1i1024!2i768!4f13.1!3m3!1m2!1s0x476cbd995dc1086f%3A0x9a8acc7c247e8ab5!2zxIxhc3TDoSAtIFBhcGllcm5pxI1rYQ!5e1!3m2!1ssk!2ssk!4v1729085634225!5m2!1ssk!2ssk\" width=\"400\" height=\"300\" style=\"border:0;\" allowfullscreen=\"\" loading=\"lazy\" referrerpolicy=\"no-referrer-when-downgrade\"><\/iframe><\/p>\n<\/div>\n<\/div>\n<\/div><\/div>\n\n\n\n<p><strong>Organising committee of the conference:<\/strong><\/p>\n\n\n\n<ul class=\"wp-block-list\">\n<li>JUDr. Luk\u00e1\u0161 Turay, PhD. \u2013 Vice-Dean<\/li>\n\n\n\n<li>Mgr. Michaela Durec Kahounov\u00e1<\/li>\n\n\n\n<li>Mgr. Ingrid Kmetzov\u00e1<\/li>\n<\/ul>\n\n\n\n<p><\/p>\n\n\n\n<p class=\"has-primary-color has-text-color\">Contact e-mail:&nbsp;<a href=\"mailto:milniky@flaw.uniba.sk\" rel=\"nofollow\">milniky@flaw.uniba.sk<\/a><\/p>\n\n\n\n<hr class=\"wp-block-separator has-text-color has-primary-color has-css-opacity has-primary-background-color has-background is-style-default\"\/>\n\n\n\n<p class=\"has-text-align-center\"><strong>Scientific Committee:<\/strong><\/p>\n\n\n\n<p class=\"has-text-align-center\">prof. JUDr. Eduard Burda, PhD.<\/p>\n\n\n\n<p class=\"has-text-align-center\">prof. \u013dubom\u00edr Batka, Dr. theol.<\/p>\n\n\n\n<p class=\"has-text-align-center\">doc. JUDr. Katar\u00edna Burdov\u00e1, PhD.<\/p>\n\n\n\n<p class=\"has-text-align-center\">JUDr. Stanislav Ga\u0148a, PhD.<\/p>\n\n\n\n<p class=\"has-text-align-center\">prof. JUDr. M\u00e1ria Patakyov\u00e1, CSc.<\/p>\n\n\n\n<p class=\"has-text-align-center\">doc. Dr. Angelika Ma\u0161urov\u00e1<\/p>\n\n\n\n<p class=\"has-text-align-center\">prof. JUDr. Mat\u00fa\u0161 Nemec, PhD.<\/p>\n\n\n\n<p class=\"has-text-align-center\">doc. Mgr. Mgr. Ondrej Podolec, PhD.<\/p>\n\n\n\n<p class=\"has-text-align-center\">prof. doc. JUDr. Mgr. Vojtech Vlad\u00e1r, PhD.<\/p>\n\n\n\n<p class=\"has-text-align-center\">doc. Mgr. Martin Da\u0148ko, PhD.<\/p>\n\n\n\n<p class=\"has-text-align-center\">doc. JUDr. So\u0148a Sop\u00fachov\u00e1, PhD.<\/p>\n\n\n\n<p class=\"has-text-align-center\">doc. JUDr. Zuzana Hamu\u013e\u00e1kov\u00e1, PhD.<\/p>\n\n\n\n<p class=\"has-text-align-center\">prof. Mgr. Yuliia Vashchenko, PhD.<\/p>\n\n\n\n<p class=\"has-text-align-center\">doc. JUDr. Michal Maslen, PhD.<\/p>\n\n\n\n<p class=\"has-text-align-center\">JUDr. Mat\u00fa\u0161 Michalovi\u010d, PhD.<\/p>\n\n\n\n<p class=\"has-text-align-center\">prof. JUDr. \u013dubom\u00edr \u010cunderl\u00edk, PhD.<\/p>\n\n\n\n<p class=\"has-text-align-center\">doc. JUDr. Yana Daudrikh, PhD.<\/p>\n\n\n\n<p class=\"has-text-align-center\">doc. JUDr. Simona Hesekov\u00e1, PhD.<\/p>\n\n\n\n<p class=\"has-text-align-center\">doc. JUDr. Lenka Freel, PhD.<\/p>\n\n\n\n<p class=\"has-text-align-center\">Mgr. Denisa Homola Nevick\u00e1, PhD.<\/p>\n\n\n\n<p class=\"has-text-align-center\">doc. Mgr. Lenka Dufalov\u00e1, PhD.<\/p>\n\n\n\n<p class=\"has-text-align-center\">Mgr. Tamara \u010cipkov\u00e1, PhD.<\/p>\n\n\n\n<p class=\"has-text-align-center\">prof. JUDr. Jozef \u010cent\u00e9\u0161, DrSc.<\/p>\n\n\n\n<p class=\"has-text-align-center\">prof. JUDr. Margita Prokeinov\u00e1, PhD.<\/p>\n\n\n\n<p class=\"has-text-align-center\">prof. JUDr. Ing. Ondrej Bla\u017eo, PhD.<\/p>\n\n\n\n<p class=\"has-text-align-center\">JUDr. Iva Dud\u00e1\u0161ov\u00e1, PhD.<\/p>\n\n\n\n<p class=\"has-text-align-center\">PaedDr. Jarmila Brtkov\u00e1, PhD.<\/p>\n\n\n\n<p><\/p>\n\n\n\n<p><\/p>","protected":false},"excerpt":{"rendered":"<p>Organiza\u010dn\u00fd t\u00edm konferencie: Kontaktn\u00fd email:&nbsp;milniky@flaw.uniba.sk Vedeck\u00fd v\u00fdbor: prof. JUDr. Eduard Burda, PhD. prof. \u013dubom\u00edr Batka, Dr. theol. doc. JUDr. Katar\u00edna Burdov\u00e1, PhD. JUDr. Stanislav Ga\u0148a, PhD. prof. JUDr. M\u00e1ria Patakyov\u00e1, CSc. doc. Dr. Angelika Ma\u0161urov\u00e1 prof. JUDr. Mat\u00fa\u0161 Nemec, PhD. doc. Mgr. Mgr. Ondrej Podolec, PhD. prof. doc. JUDr. Mgr. Vojtech Vlad\u00e1r, PhD. doc. Mgr. [&hellip;]<\/p>\n","protected":false},"author":2,"featured_media":0,"parent":0,"menu_order":0,"comment_status":"closed","ping_status":"closed","template":"templates\/template-full-width.php","meta":{"footnotes":""},"class_list":["post-10","page","type-page","status-publish","hentry"],"yoast_head":"<!-- This site is optimized with the Yoast SEO plugin v27.2 - https:\/\/yoast.com\/product\/yoast-seo-wordpress\/ -->\n<title>Kontakt - Milniky<\/title>\n<meta name=\"robots\" content=\"index, follow, max-snippet:-1, max-image-preview:large, max-video-preview:-1\" \/>\n<link rel=\"canonical\" href=\"https:\/\/milniky2025.flaw.uniba.sk\/en\/kontakt\/\" \/>\n<meta property=\"og:locale\" content=\"en_US\" \/>\n<meta property=\"og:type\" content=\"article\" \/>\n<meta property=\"og:title\" content=\"Kontakt - Milniky\" \/>\n<meta property=\"og:description\" content=\"Organiza\u010dn\u00fd t\u00edm konferencie: Kontaktn\u00fd email:&nbsp;milniky@flaw.uniba.sk Vedeck\u00fd v\u00fdbor: prof. JUDr. Eduard Burda, PhD. prof. \u013dubom\u00edr Batka, Dr. theol. doc. JUDr. Katar\u00edna Burdov\u00e1, PhD. JUDr. Stanislav Ga\u0148a, PhD. prof. JUDr. M\u00e1ria Patakyov\u00e1, CSc. doc. Dr. Angelika Ma\u0161urov\u00e1 prof. JUDr. Mat\u00fa\u0161 Nemec, PhD. doc. Mgr. Mgr. Ondrej Podolec, PhD. prof. doc. JUDr. Mgr. Vojtech Vlad\u00e1r, PhD. doc. Mgr. [&hellip;]\" \/>\n<meta property=\"og:url\" content=\"https:\/\/milniky2025.flaw.uniba.sk\/en\/kontakt\/\" \/>\n<meta property=\"og:site_name\" content=\"Milniky\" \/>\n<meta property=\"article:modified_time\" content=\"2025-03-12T13:40:08+00:00\" \/>\n<meta name=\"twitter:card\" content=\"summary_large_image\" \/>\n<meta name=\"twitter:label1\" content=\"Est. reading time\" \/>\n\t<meta name=\"twitter:data1\" content=\"1 minute\" \/>\n<script type=\"application\/ld+json\" class=\"yoast-schema-graph\">{\"@context\":\"https:\/\/schema.org\",\"@graph\":[{\"@type\":\"WebPage\",\"@id\":\"https:\/\/milniky2025.flaw.uniba.sk\/kontakt\/\",\"url\":\"https:\/\/milniky2025.flaw.uniba.sk\/kontakt\/\",\"name\":\"Kontakt - Milniky\",\"isPartOf\":{\"@id\":\"https:\/\/milniky2025.flaw.uniba.sk\/#website\"},\"datePublished\":\"2021-04-12T10:50:09+00:00\",\"dateModified\":\"2025-03-12T13:40:08+00:00\",\"breadcrumb\":{\"@id\":\"https:\/\/milniky2025.flaw.uniba.sk\/kontakt\/#breadcrumb\"},\"inLanguage\":\"en-US\",\"potentialAction\":[{\"@type\":\"ReadAction\",\"target\":[\"https:\/\/milniky2025.flaw.uniba.sk\/kontakt\/\"]}]},{\"@type\":\"BreadcrumbList\",\"@id\":\"https:\/\/milniky2025.flaw.uniba.sk\/kontakt\/#breadcrumb\",\"itemListElement\":[{\"@type\":\"ListItem\",\"position\":1,\"name\":\"Home\",\"item\":\"https:\/\/milniky2025.flaw.uniba.sk\/\"},{\"@type\":\"ListItem\",\"position\":2,\"name\":\"Kontakt\"}]},{\"@type\":\"WebSite\",\"@id\":\"https:\/\/milniky2025.flaw.uniba.sk\/#website\",\"url\":\"https:\/\/milniky2025.flaw.uniba.sk\/\",\"name\":\"Milniky\",\"description\":\"\",\"publisher\":{\"@id\":\"https:\/\/milniky2025.flaw.uniba.sk\/#organization\"},\"potentialAction\":[{\"@type\":\"SearchAction\",\"target\":{\"@type\":\"EntryPoint\",\"urlTemplate\":\"https:\/\/milniky2025.flaw.uniba.sk\/?s={search_term_string}\"},\"query-input\":{\"@type\":\"PropertyValueSpecification\",\"valueRequired\":true,\"valueName\":\"search_term_string\"}}],\"inLanguage\":\"en-US\"},{\"@type\":\"Organization\",\"@id\":\"https:\/\/milniky2025.flaw.uniba.sk\/#organization\",\"name\":\"Milniky\",\"url\":\"https:\/\/milniky2025.flaw.uniba.sk\/\",\"logo\":{\"@type\":\"ImageObject\",\"inLanguage\":\"en-US\",\"@id\":\"https:\/\/milniky2025.flaw.uniba.sk\/#\/schema\/logo\/image\/\",\"url\":\"https:\/\/milniky2025.flaw.uniba.sk\/wp-content\/uploads\/2024\/09\/SK-milniky-logo-sk-BIELE.png\",\"contentUrl\":\"https:\/\/milniky2025.flaw.uniba.sk\/wp-content\/uploads\/2024\/09\/SK-milniky-logo-sk-BIELE.png\",\"width\":3219,\"height\":845,\"caption\":\"Milniky\"},\"image\":{\"@id\":\"https:\/\/milniky2025.flaw.uniba.sk\/#\/schema\/logo\/image\/\"}}]}<\/script>\n<!-- \/ Yoast SEO plugin. -->","yoast_head_json":{"title":"Kontakt - Milniky","robots":{"index":"index","follow":"follow","max-snippet":"max-snippet:-1","max-image-preview":"max-image-preview:large","max-video-preview":"max-video-preview:-1"},"canonical":"https:\/\/milniky2025.flaw.uniba.sk\/en\/kontakt\/","og_locale":"en_US","og_type":"article","og_title":"Kontakt - Milniky","og_description":"Organiza\u010dn\u00fd t\u00edm konferencie: Kontaktn\u00fd email:&nbsp;milniky@flaw.uniba.sk Vedeck\u00fd v\u00fdbor: prof. JUDr. Eduard Burda, PhD. prof. \u013dubom\u00edr Batka, Dr. theol. doc. JUDr. Katar\u00edna Burdov\u00e1, PhD. JUDr. Stanislav Ga\u0148a, PhD. prof. JUDr. M\u00e1ria Patakyov\u00e1, CSc. doc. Dr. Angelika Ma\u0161urov\u00e1 prof. JUDr. Mat\u00fa\u0161 Nemec, PhD. doc. Mgr. Mgr. Ondrej Podolec, PhD. prof. doc. JUDr. Mgr. Vojtech Vlad\u00e1r, PhD. doc. Mgr. [&hellip;]","og_url":"https:\/\/milniky2025.flaw.uniba.sk\/en\/kontakt\/","og_site_name":"Milniky","article_modified_time":"2025-03-12T13:40:08+00:00","twitter_card":"summary_large_image","twitter_misc":{"Est. reading time":"1 minute"},"schema":{"@context":"https:\/\/schema.org","@graph":[{"@type":"WebPage","@id":"https:\/\/milniky2025.flaw.uniba.sk\/kontakt\/","url":"https:\/\/milniky2025.flaw.uniba.sk\/kontakt\/","name":"Kontakt - Milniky","isPartOf":{"@id":"https:\/\/milniky2025.flaw.uniba.sk\/#website"},"datePublished":"2021-04-12T10:50:09+00:00","dateModified":"2025-03-12T13:40:08+00:00","breadcrumb":{"@id":"https:\/\/milniky2025.flaw.uniba.sk\/kontakt\/#breadcrumb"},"inLanguage":"en-US","potentialAction":[{"@type":"ReadAction","target":["https:\/\/milniky2025.flaw.uniba.sk\/kontakt\/"]}]},{"@type":"BreadcrumbList","@id":"https:\/\/milniky2025.flaw.uniba.sk\/kontakt\/#breadcrumb","itemListElement":[{"@type":"ListItem","position":1,"name":"Home","item":"https:\/\/milniky2025.flaw.uniba.sk\/"},{"@type":"ListItem","position":2,"name":"Kontakt"}]},{"@type":"WebSite","@id":"https:\/\/milniky2025.flaw.uniba.sk\/#website","url":"https:\/\/milniky2025.flaw.uniba.sk\/","name":"Milestones","description":"","publisher":{"@id":"https:\/\/milniky2025.flaw.uniba.sk\/#organization"},"potentialAction":[{"@type":"SearchAction","target":{"@type":"EntryPoint","urlTemplate":"https:\/\/milniky2025.flaw.uniba.sk\/?s={search_term_string}"},"query-input":{"@type":"PropertyValueSpecification","valueRequired":true,"valueName":"search_term_string"}}],"inLanguage":"en-US"},{"@type":"Organization","@id":"https:\/\/milniky2025.flaw.uniba.sk\/#organization","name":"Milestones","url":"https:\/\/milniky2025.flaw.uniba.sk\/","logo":{"@type":"ImageObject","inLanguage":"en-US","@id":"https:\/\/milniky2025.flaw.uniba.sk\/#\/schema\/logo\/image\/","url":"https:\/\/milniky2025.flaw.uniba.sk\/wp-content\/uploads\/2024\/09\/SK-milniky-logo-sk-BIELE.png","contentUrl":"https:\/\/milniky2025.flaw.uniba.sk\/wp-content\/uploads\/2024\/09\/SK-milniky-logo-sk-BIELE.png","width":3219,"height":845,"caption":"Milniky"},"image":{"@id":"https:\/\/milniky2025.flaw.uniba.sk\/#\/schema\/logo\/image\/"}}]}},"_links":{"self":[{"href":"https:\/\/milniky2025.flaw.uniba.sk\/en\/wp-json\/wp\/v2\/pages\/10","targetHints":{"allow":["GET"]}}],"collection":[{"href":"https:\/\/milniky2025.flaw.uniba.sk\/en\/wp-json\/wp\/v2\/pages"}],"about":[{"href":"https:\/\/milniky2025.flaw.uniba.sk\/en\/wp-json\/wp\/v2\/types\/page"}],"author":[{"embeddable":true,"href":"https:\/\/milniky2025.flaw.uniba.sk\/en\/wp-json\/wp\/v2\/users\/2"}],"replies":[{"embeddable":true,"href":"https:\/\/milniky2025.flaw.uniba.sk\/en\/wp-json\/wp\/v2\/comments?post=10"}],"version-history":[{"count":27,"href":"https:\/\/milniky2025.flaw.uniba.sk\/en\/wp-json\/wp\/v2\/pages\/10\/revisions"}],"predecessor-version":[{"id":1575,"href":"https:\/\/milniky2025.flaw.uniba.sk\/en\/wp-json\/wp\/v2\/pages\/10\/revisions\/1575"}],"wp:attachment":[{"href":"https:\/\/milniky2025.flaw.uniba.sk\/en\/wp-json\/wp\/v2\/media?parent=10"}],"curies":[{"name":"wp","href":"https:\/\/api.w.org\/{rel}","templated":true}]}}